{"id":5,"date":"2023-03-05T09:52:51","date_gmt":"2023-03-05T09:52:51","guid":{"rendered":"https:\/\/berkcan.com\/?page_id=5"},"modified":"2023-03-15T18:22:59","modified_gmt":"2023-03-15T18:22:59","slug":"hakkimizda","status":"publish","type":"page","link":"https:\/\/www.berkcan.com\/index.php\/hakkimizda\/","title":{"rendered":"Hakk\u0131m\u0131zda"},"content":{"rendered":"<h4>ANKARA AYDIN AKADEM\u0130 E\u011e\u0130T\u0130M KURUMLARI HAKKIMIZDA<\/h4>\n<p>Bizler, Ahmet AYDINALP\u2019in kuruculu\u011funda 1989 y\u0131l\u0131ndan beri 32 y\u0131ld\u0131r sekt\u00f6rde hizmet veren \u00f6nc\u00fc bir kurum olan Ankara Ayd\u0131n Akademi Bilgisayar ve Matematik Kursuyuz. Ankara Ayd\u0131n Akademi Bilgisayar Kursu hakk\u0131m\u0131zda \u00e7ok<br \/>\n\u015fey s\u00f6ylenebilir. \u00d6zetle, 32 y\u0131ll\u0131k hizmet s\u00fcremizde 20 binin \u00fczerinde kursiyere bilgisayar, on parmak, teknik \u00e7izim, grafik tasar\u0131m, muhasebe, web tasar\u0131m, web programlama, matematik, yaz\u0131l\u0131m ve meslek edindirme noktas\u0131nda e\u011fitimler ve MEB onayl\u0131 sertifikalar verdik. Mezun etti\u011fimiz kursiyerler Kamu kurum ve \u00f6zel \u015firketlerde ba\u015far\u0131l\u0131 olmu\u015f, y\u00fcksek mevkilerde istihdam edilmi\u015flerdir. \u00d6zel Ayd\u0131n Akademi E\u011fitim Kurumlar\u0131 hakk\u0131nda MEB Onayl\u0131 bir \u00d6zel \u00d6\u011fretim Kurumu oldu\u011fumuzu QR (Kare Kodu) sorgulamas\u0131ndan do\u011frulayabilirsiniz.<br \/>\nNeden Ankara Ayd\u0131n Akademi Bilgisayar Kursu Tercih Edilmeli?<\/p>\n<ol>\n<li>Tecr\u00fcbe her \u015fey de\u011fildir ama \u00e7ok \u015feydir ve bizler 32 y\u0131ll\u0131k tecr\u00fcbeye sahibiz.<\/li>\n<li>Her e\u011fitim kurumu kendi sekt\u00f6r\u00fcnde uzmanla\u015f\u0131r, biz ortaya kar\u0131\u015f\u0131k bir e\u011fitim vermiyoruz 32 y\u0131ld\u0131r sadece matematik bilgisayar e\u011fitimleri veriyoruz. Bu alanda \u00f6nc\u00fc, uzman bir kurumuz.<\/li>\n<li>\u00d6zellikle Bilgisayar yaz\u0131l\u0131mlar\u0131 alan\u0131nda Bizler hocalar\u0131n hocas\u0131y\u0131z. Sadece bilgisayar i\u015fletmeni ya da programc\u0131s\u0131 yeti\u015ftirmedik, sekt\u00f6rde halen ders veren bir\u00e7ok bilgisayar hocas\u0131n\u0131 da yeti\u015ftirerek e\u011fitim ordusuna katt\u0131k.<\/li>\n<li>Biz \u00f6\u011fretmeyi ve grup tekrar\u0131n\u0131 garanti eden ilk kurumuz ve sizleri kurs bitse dahi \u00f6\u011fretene kadar misafir ediyoruz.<\/li>\n<li>10 ki\u015filik s\u0131n\u0131flarda ve birebir bilgisayar bas\u0131nda s\u00fcrekli uygulama yaparak e\u011fitim veriyoruz.<\/li>\n<li>Alayl\u0131 yeti\u015fen hocalarla de\u011fil, bilgisayar \u00f6\u011fretmenlerinden ve b\u00f6l\u00fcm mezunlar\u0131ndan olu\u015fan Milli E\u011fitim Bakanl\u0131\u011f\u0131ndan kadrolu atanan tecr\u00fcbeli ve uzman \u00f6\u011fretim kadrosuyla e\u011fitim veriyoruz.<\/li>\n<li>Bize gelen i\u015f taleplerini kursiyerlerimizle payla\u015f\u0131yor ve firmalarla g\u00f6r\u00fc\u015ft\u00fcr\u00fcyoruz. Bir\u00e7ok kursiyerimiz istihdam olmas\u0131na vesile oluyoruz.<\/li>\n<li>Sizler bizim k\u0131ymetlimiz siniz, sevgi, sayg\u0131 ve g\u00fcler y\u00fczden olu\u015fan bir aile ortam\u0131 sunuyoruz.<\/li>\n<li>Ders M\u00fcfredat programlar\u0131m\u0131zda \u00f6\u011fretti\u011fimiz programlar\u0131n her zaman en son versiyonunu veriyoruz.<\/li>\n<li>Her zaman kendimizi yenileyerek geli\u015fen teknolojiyi takip ediyor ve son teknolojiye sahip donam\u0131n birimleriyle ders veriyoruz.<\/li>\n<li>Mezun kursiyerlerimizden, \u0130nternet Sosyal payla\u015f\u0131m sitelerinden ve Sosyal medyadan, Ankara Ayd\u0131n Akademi Bilgisayar Kursu Hakk\u0131m\u0131zda herhangi bir olumuz s\u00f6z yaz\u0131lmam\u0131\u015ft\u0131r ve s\u00f6ylenmemi\u015ftir<\/li>\n<li>Yazacak daha \u00e7ok \u015fey var ama bu yazacaklar\u0131m\u0131 di\u011ferleri de yapt\u0131klar\u0131 i\u00e7in yazmaya gerek duymuyor ve sizleri kurumumuza davet ediyor, bizle g\u00f6r\u00fc\u015fmeden karar vermeyin diyoruz.<\/li>\n<\/ol>\n<p>\u0130leti\u015fim: 0551 735 06 06<\/p>\n","protected":false},"excerpt":{"rendered":"<p>ANKARA AYDIN AKADEM\u0130 E\u011e\u0130T\u0130M KURUMLARI HAKKIMIZDA Bizler, Ahmet AYDINALP\u2019in kuruculu\u011funda 1989 y\u0131l\u0131ndan beri 32 y\u0131ld\u0131r sekt\u00f6rde hizmet veren \u00f6nc\u00fc bir kurum olan Ankara Ayd\u0131n Akademi Bilgisayar ve Matematik Kursuyuz. Ankara Ayd\u0131n Akademi Bilgisayar Kursu hakk\u0131m\u0131zda \u00e7ok \u015fey s\u00f6ylenebilir. \u00d6zetle, 32 <a href=\"https:\/\/www.berkcan.com\/index.php\/hakkimizda\/\" class=\"read-more\">Daha fazla&#8230;<\/a><\/p>\n","protected":false},"author":1,"featured_media":0,"parent":0,"menu_order":0,"comment_status":"closed","ping_status":"closed","template":"","meta":{"footnotes":""},"class_list":["post-5","page","type-page","status-publish","hentry"],"yoast_head":"<!-- This site is optimized with the Yoast SEO plugin v20.3 - https:\/\/yoast.com\/wordpress\/plugins\/seo\/ -->\n<title>Hakk\u0131m\u0131zda - Ayd\u0131n Akademi Bilgisayar Kursu<\/title>\n<meta name=\"robots\" content=\"index, follow, max-snippet:-1, max-image-preview:large, max-video-preview:-1\" \/>\n<link rel=\"canonical\" href=\"https:\/\/www.berkcan.com\/index.php\/hakkimizda\/\" \/>\n<meta property=\"og:locale\" content=\"tr_TR\" \/>\n<meta property=\"og:type\" content=\"article\" \/>\n<meta property=\"og:title\" content=\"Hakk\u0131m\u0131zda - Ayd\u0131n Akademi Bilgisayar Kursu\" \/>\n<meta property=\"og:description\" content=\"ANKARA AYDIN AKADEM\u0130 E\u011e\u0130T\u0130M KURUMLARI HAKKIMIZDA Bizler, Ahmet AYDINALP\u2019in kuruculu\u011funda 1989 y\u0131l\u0131ndan beri 32 y\u0131ld\u0131r sekt\u00f6rde hizmet veren \u00f6nc\u00fc bir kurum olan Ankara Ayd\u0131n Akademi Bilgisayar ve Matematik Kursuyuz. Ankara Ayd\u0131n Akademi Bilgisayar Kursu hakk\u0131m\u0131zda \u00e7ok \u015fey s\u00f6ylenebilir. \u00d6zetle, 32 Daha fazla...\" \/>\n<meta property=\"og:url\" content=\"https:\/\/www.berkcan.com\/index.php\/hakkimizda\/\" \/>\n<meta property=\"og:site_name\" content=\"Ayd\u0131n Akademi Bilgisayar Kursu\" \/>\n<meta property=\"article:publisher\" content=\"https:\/\/www.facebook.com\/people\/Ahmet-Aydnalp\/560469077\/\" \/>\n<meta property=\"article:modified_time\" content=\"2023-03-15T18:22:59+00:00\" \/>\n<meta name=\"twitter:card\" content=\"summary_large_image\" \/>\n<meta name=\"twitter:label1\" content=\"Tahmini okuma s\u00fcresi\" \/>\n\t<meta name=\"twitter:data1\" content=\"3 dakika\" \/>\n<script type=\"application\/ld+json\" class=\"yoast-schema-graph\">{\"@context\":\"https:\/\/schema.org\",\"@graph\":[{\"@type\":\"WebPage\",\"@id\":\"https:\/\/www.berkcan.com\/index.php\/hakkimizda\/\",\"url\":\"https:\/\/www.berkcan.com\/index.php\/hakkimizda\/\",\"name\":\"Hakk\u0131m\u0131zda - Ayd\u0131n Akademi Bilgisayar Kursu\",\"isPartOf\":{\"@id\":\"https:\/\/www.berkcan.com\/#website\"},\"datePublished\":\"2023-03-05T09:52:51+00:00\",\"dateModified\":\"2023-03-15T18:22:59+00:00\",\"breadcrumb\":{\"@id\":\"https:\/\/www.berkcan.com\/index.php\/hakkimizda\/#breadcrumb\"},\"inLanguage\":\"tr\",\"potentialAction\":[{\"@type\":\"ReadAction\",\"target\":[\"https:\/\/www.berkcan.com\/index.php\/hakkimizda\/\"]}]},{\"@type\":\"BreadcrumbList\",\"@id\":\"https:\/\/www.berkcan.com\/index.php\/hakkimizda\/#breadcrumb\",\"itemListElement\":[{\"@type\":\"ListItem\",\"position\":1,\"name\":\"Anasayfa\",\"item\":\"https:\/\/www.berkcan.com\/\"},{\"@type\":\"ListItem\",\"position\":2,\"name\":\"Hakk\u0131m\u0131zda\"}]},{\"@type\":\"WebSite\",\"@id\":\"https:\/\/www.berkcan.com\/#website\",\"url\":\"https:\/\/www.berkcan.com\/\",\"name\":\"Ayd\u0131n Akademi Bilgisayar Kursu\",\"description\":\"Ankara MEB Onayl\u0131 Sertifika Merkezi, 34 Y\u0131ld\u0131r Hizmetinizdeyiz\",\"publisher\":{\"@id\":\"https:\/\/www.berkcan.com\/#organization\"},\"potentialAction\":[{\"@type\":\"SearchAction\",\"target\":{\"@type\":\"EntryPoint\",\"urlTemplate\":\"https:\/\/www.berkcan.com\/?s={search_term_string}\"},\"query-input\":\"required name=search_term_string\"}],\"inLanguage\":\"tr\"},{\"@type\":\"Organization\",\"@id\":\"https:\/\/www.berkcan.com\/#organization\",\"name\":\"Ayd\u0131n Akademi Bilgisayar Kursu\",\"url\":\"https:\/\/www.berkcan.com\/\",\"logo\":{\"@type\":\"ImageObject\",\"inLanguage\":\"tr\",\"@id\":\"https:\/\/www.berkcan.com\/#\/schema\/logo\/image\/\",\"url\":\"https:\/\/www.berkcan.com\/wp-content\/uploads\/2023\/03\/logo.png\",\"contentUrl\":\"https:\/\/www.berkcan.com\/wp-content\/uploads\/2023\/03\/logo.png\",\"width\":300,\"height\":300,\"caption\":\"Ayd\u0131n  Akademi Bilgisayar Kursu\"},\"image\":{\"@id\":\"https:\/\/www.berkcan.com\/#\/schema\/logo\/image\/\"},\"sameAs\":[\"https:\/\/www.facebook.com\/people\/Ahmet-Aydnalp\/560469077\/\",\"https:\/\/www.youtube.com\/c\/ahmetaydinalp\",\"https:\/\/www.instagram.com\/aydinakademi_06\/\"]}]}<\/script>\n<!-- \/ Yoast SEO plugin. -->","yoast_head_json":{"title":"Hakk\u0131m\u0131zda - Ayd\u0131n Akademi Bilgisayar Kursu","robots":{"index":"index","follow":"follow","max-snippet":"max-snippet:-1","max-image-preview":"max-image-preview:large","max-video-preview":"max-video-preview:-1"},"canonical":"https:\/\/www.berkcan.com\/index.php\/hakkimizda\/","og_locale":"tr_TR","og_type":"article","og_title":"Hakk\u0131m\u0131zda - Ayd\u0131n Akademi Bilgisayar Kursu","og_description":"ANKARA AYDIN AKADEM\u0130 E\u011e\u0130T\u0130M KURUMLARI HAKKIMIZDA Bizler, Ahmet AYDINALP\u2019in kuruculu\u011funda 1989 y\u0131l\u0131ndan beri 32 y\u0131ld\u0131r sekt\u00f6rde hizmet veren \u00f6nc\u00fc bir kurum olan Ankara Ayd\u0131n Akademi Bilgisayar ve Matematik Kursuyuz. Ankara Ayd\u0131n Akademi Bilgisayar Kursu hakk\u0131m\u0131zda \u00e7ok \u015fey s\u00f6ylenebilir. \u00d6zetle, 32 Daha fazla...","og_url":"https:\/\/www.berkcan.com\/index.php\/hakkimizda\/","og_site_name":"Ayd\u0131n Akademi Bilgisayar Kursu","article_publisher":"https:\/\/www.facebook.com\/people\/Ahmet-Aydnalp\/560469077\/","article_modified_time":"2023-03-15T18:22:59+00:00","twitter_card":"summary_large_image","twitter_misc":{"Tahmini okuma s\u00fcresi":"3 dakika"},"schema":{"@context":"https:\/\/schema.org","@graph":[{"@type":"WebPage","@id":"https:\/\/www.berkcan.com\/index.php\/hakkimizda\/","url":"https:\/\/www.berkcan.com\/index.php\/hakkimizda\/","name":"Hakk\u0131m\u0131zda - Ayd\u0131n Akademi Bilgisayar Kursu","isPartOf":{"@id":"https:\/\/www.berkcan.com\/#website"},"datePublished":"2023-03-05T09:52:51+00:00","dateModified":"2023-03-15T18:22:59+00:00","breadcrumb":{"@id":"https:\/\/www.berkcan.com\/index.php\/hakkimizda\/#breadcrumb"},"inLanguage":"tr","potentialAction":[{"@type":"ReadAction","target":["https:\/\/www.berkcan.com\/index.php\/hakkimizda\/"]}]},{"@type":"BreadcrumbList","@id":"https:\/\/www.berkcan.com\/index.php\/hakkimizda\/#breadcrumb","itemListElement":[{"@type":"ListItem","position":1,"name":"Anasayfa","item":"https:\/\/www.berkcan.com\/"},{"@type":"ListItem","position":2,"name":"Hakk\u0131m\u0131zda"}]},{"@type":"WebSite","@id":"https:\/\/www.berkcan.com\/#website","url":"https:\/\/www.berkcan.com\/","name":"Ayd\u0131n Akademi Bilgisayar Kursu","description":"Ankara MEB Onayl\u0131 Sertifika Merkezi, 34 Y\u0131ld\u0131r Hizmetinizdeyiz","publisher":{"@id":"https:\/\/www.berkcan.com\/#organization"},"potentialAction":[{"@type":"SearchAction","target":{"@type":"EntryPoint","urlTemplate":"https:\/\/www.berkcan.com\/?s={search_term_string}"},"query-input":"required name=search_term_string"}],"inLanguage":"tr"},{"@type":"Organization","@id":"https:\/\/www.berkcan.com\/#organization","name":"Ayd\u0131n Akademi Bilgisayar Kursu","url":"https:\/\/www.berkcan.com\/","logo":{"@type":"ImageObject","inLanguage":"tr","@id":"https:\/\/www.berkcan.com\/#\/schema\/logo\/image\/","url":"https:\/\/www.berkcan.com\/wp-content\/uploads\/2023\/03\/logo.png","contentUrl":"https:\/\/www.berkcan.com\/wp-content\/uploads\/2023\/03\/logo.png","width":300,"height":300,"caption":"Ayd\u0131n  Akademi Bilgisayar Kursu"},"image":{"@id":"https:\/\/www.berkcan.com\/#\/schema\/logo\/image\/"},"sameAs":["https:\/\/www.facebook.com\/people\/Ahmet-Aydnalp\/560469077\/","https:\/\/www.youtube.com\/c\/ahmetaydinalp","https:\/\/www.instagram.com\/aydinakademi_06\/"]}]}},"_links":{"self":[{"href":"https:\/\/www.berkcan.com\/index.php\/wp-json\/wp\/v2\/pages\/5","targetHints":{"allow":["GET"]}}],"collection":[{"href":"https:\/\/www.berkcan.com\/index.php\/wp-json\/wp\/v2\/pages"}],"about":[{"href":"https:\/\/www.berkcan.com\/index.php\/wp-json\/wp\/v2\/types\/page"}],"author":[{"embeddable":true,"href":"https:\/\/www.berkcan.com\/index.php\/wp-json\/wp\/v2\/users\/1"}],"replies":[{"embeddable":true,"href":"https:\/\/www.berkcan.com\/index.php\/wp-json\/wp\/v2\/comments?post=5"}],"version-history":[{"count":22,"href":"https:\/\/www.berkcan.com\/index.php\/wp-json\/wp\/v2\/pages\/5\/revisions"}],"predecessor-version":[{"id":375,"href":"https:\/\/www.berkcan.com\/index.php\/wp-json\/wp\/v2\/pages\/5\/revisions\/375"}],"wp:attachment":[{"href":"https:\/\/www.berkcan.com\/index.php\/wp-json\/wp\/v2\/media?parent=5"}],"curies":[{"name":"wp","href":"https:\/\/api.w.org\/{rel}","templated":true}]}}