{"id":33,"date":"2021-11-27T22:42:01","date_gmt":"2021-11-27T22:42:01","guid":{"rendered":"https:\/\/plumber-gp.wordifysites.com\/?page_id=33"},"modified":"2026-05-04T18:03:20","modified_gmt":"2026-05-04T18:03:20","slug":"team","status":"publish","type":"page","link":"https:\/\/www.berkcan.com\/index.php\/team\/","title":{"rendered":"Team"},"content":{"rendered":"\n<section class=\"gb-element-43fb4e62\">\n<h2 class=\"gb-text-5f39df3e\"><span class=\"gb-shape\"><svg xmlns=\"http:\/\/www.w3.org\/2000\/svg\" width=\"16\" height=\"16\" class=\"bi bi-dash\" viewBox=\"0 0 16 16\">   <path d=\"M4 8a.5.5 0 0 1 .5-.5h7a.5.5 0 0 1 0 1h-7A.5.5 0 0 1 4 8z\"><\/path> <\/svg><\/span><span class=\"gb-text\">Our team<\/span><\/h2>\n\n\n\n<p class=\"gb-text gb-text-738929a6\"><em>Class aptent taciti sociosqu ad litora torquent per conubia nostra, per inceptos himenaeos. Maecenas efficitur luctus arcu vitae auctor.<\/em><\/p>\n\n\n\n<div class=\"gb-element-eeadd361\">\n<div class=\"gb-element-8e97a870\">\n<img loading=\"lazy\" decoding=\"async\" width=\"640\" height=\"427\" class=\"gb-media-90a8475b\" src=\"https:\/\/www.berkcan.com\/wp-content\/uploads\/2021\/11\/annie-gray-WEWTGkPUVT0-unsplash.jpg\" title=\"annie-gray-WEWTGkPUVT0-unsplash\" srcset=\"https:\/\/www.berkcan.com\/wp-content\/uploads\/2021\/11\/annie-gray-WEWTGkPUVT0-unsplash.jpg 640w, https:\/\/www.berkcan.com\/wp-content\/uploads\/2021\/11\/annie-gray-WEWTGkPUVT0-unsplash-300x200.jpg 300w\" sizes=\"auto, (max-width: 640px) 100vw, 640px\" \/>\n\n\n\n<h3 class=\"gb-text gb-text-6efd46f7\">Graham Doe<\/h3>\n\n\n\n<p class=\"gb-text gb-text-69924f65\">Plumber<\/p>\n\n\n\n<div class=\"gb-element-a95ea3fd\">\n<a class=\"gb-text-efa913eb\" href=\"#\" aria-label=\"Follow plumber on X\"><span class=\"gb-shape\"><svg aria-hidden=\"true\" role=\"img\" height=\"1em\" width=\"1em\" viewBox=\"0 0 512 512\" xmlns=\"http:\/\/www.w3.org\/2000\/svg\"><path fill=\"currentColor\" d=\"M389.2 48h70.6L305.6 224.2 487 464H345L233.7 318.6 106.5 464H35.8L200.7 275.5 26.8 48H172.4L272.9 180.9 389.2 48zM364.4 421.8h39.1L151.1 88h-42L364.4 421.8z\"><\/path><\/svg><\/span><\/a>\n\n\n\n<a class=\"gb-text-656f4a8b\" href=\"#\" aria-label=\"Follow plumber on LinkedIn\"><span class=\"gb-shape\"><svg aria-hidden=\"true\" role=\"img\" height=\"1em\" width=\"1em\" viewBox=\"0 0 448 512\" xmlns=\"http:\/\/www.w3.org\/2000\/svg\"><path fill=\"currentColor\" d=\"M100.28 448H7.4V148.9h92.88zM53.79 108.1C24.09 108.1 0 83.5 0 53.8a53.79 53.79 0 0 1 107.58 0c0 29.7-24.1 54.3-53.79 54.3zM447.9 448h-92.68V302.4c0-34.7-.7-79.2-48.29-79.2-48.29 0-55.69 37.7-55.69 76.7V448h-92.78V148.9h89.08v40.8h1.3c12.4-23.5 42.69-48.3 87.88-48.3 94 0 111.28 61.9 111.28 142.3V448z\"><\/path><\/svg><\/span><\/a>\n<\/div>\n<\/div>\n\n\n\n<div class=\"gb-element-8013e867\">\n<img loading=\"lazy\" decoding=\"async\" width=\"640\" height=\"480\" class=\"gb-media-c81e163d\" src=\"https:\/\/www.berkcan.com\/wp-content\/uploads\/2021\/11\/pexels-kindel-media-8486972.jpg\" title=\"pexels-kindel-media-8486972\" srcset=\"https:\/\/www.berkcan.com\/wp-content\/uploads\/2021\/11\/pexels-kindel-media-8486972.jpg 640w, https:\/\/www.berkcan.com\/wp-content\/uploads\/2021\/11\/pexels-kindel-media-8486972-300x225.jpg 300w\" sizes=\"auto, (max-width: 640px) 100vw, 640px\" \/>\n\n\n\n<h3 class=\"gb-text gb-text-e11d542b\">Jane Doe<\/h3>\n\n\n\n<p class=\"gb-text gb-text-6a0de07a\">Plumber<\/p>\n\n\n\n<div class=\"gb-element-acc2dda0\">\n<a class=\"gb-text-74de1829\" href=\"#\" aria-label=\"Follow plumber on X\"><span class=\"gb-shape\"><svg aria-hidden=\"true\" role=\"img\" height=\"1em\" width=\"1em\" viewBox=\"0 0 512 512\" xmlns=\"http:\/\/www.w3.org\/2000\/svg\"><path fill=\"currentColor\" d=\"M389.2 48h70.6L305.6 224.2 487 464H345L233.7 318.6 106.5 464H35.8L200.7 275.5 26.8 48H172.4L272.9 180.9 389.2 48zM364.4 421.8h39.1L151.1 88h-42L364.4 421.8z\"><\/path><\/svg><\/span><\/a>\n\n\n\n<a class=\"gb-text-3517823c\" href=\"#\" aria-label=\"Follow plumber on LinkedIn\"><span class=\"gb-shape\"><svg aria-hidden=\"true\" role=\"img\" height=\"1em\" width=\"1em\" viewBox=\"0 0 448 512\" xmlns=\"http:\/\/www.w3.org\/2000\/svg\"><path fill=\"currentColor\" d=\"M100.28 448H7.4V148.9h92.88zM53.79 108.1C24.09 108.1 0 83.5 0 53.8a53.79 53.79 0 0 1 107.58 0c0 29.7-24.1 54.3-53.79 54.3zM447.9 448h-92.68V302.4c0-34.7-.7-79.2-48.29-79.2-48.29 0-55.69 37.7-55.69 76.7V448h-92.78V148.9h89.08v40.8h1.3c12.4-23.5 42.69-48.3 87.88-48.3 94 0 111.28 61.9 111.28 142.3V448z\"><\/path><\/svg><\/span><\/a>\n<\/div>\n<\/div>\n\n\n\n<div class=\"gb-element-0be122a3\">\n<img loading=\"lazy\" decoding=\"async\" width=\"1280\" height=\"850\" class=\"gb-media-cdca1762\" src=\"https:\/\/www.berkcan.com\/wp-content\/uploads\/2021\/11\/plumber-228010_1280.jpg\" title=\"plumber-228010_1280\" srcset=\"https:\/\/www.berkcan.com\/wp-content\/uploads\/2021\/11\/plumber-228010_1280.jpg 1280w, https:\/\/www.berkcan.com\/wp-content\/uploads\/2021\/11\/plumber-228010_1280-300x199.jpg 300w, https:\/\/www.berkcan.com\/wp-content\/uploads\/2021\/11\/plumber-228010_1280-1024x680.jpg 1024w, https:\/\/www.berkcan.com\/wp-content\/uploads\/2021\/11\/plumber-228010_1280-768x510.jpg 768w\" sizes=\"auto, (max-width: 1280px) 100vw, 1280px\" \/>\n\n\n\n<h3 class=\"gb-text gb-text-b777887c\">James Doe<\/h3>\n\n\n\n<p class=\"gb-text gb-text-245b07c1\">Plumber<\/p>\n\n\n\n<div class=\"gb-element-3aaef6f4\">\n<a class=\"gb-text-13c14091\" href=\"#\" aria-label=\"Follow plumber on X\"><span class=\"gb-shape\"><svg aria-hidden=\"true\" role=\"img\" height=\"1em\" width=\"1em\" viewBox=\"0 0 512 512\" xmlns=\"http:\/\/www.w3.org\/2000\/svg\"><path fill=\"currentColor\" d=\"M389.2 48h70.6L305.6 224.2 487 464H345L233.7 318.6 106.5 464H35.8L200.7 275.5 26.8 48H172.4L272.9 180.9 389.2 48zM364.4 421.8h39.1L151.1 88h-42L364.4 421.8z\"><\/path><\/svg><\/span><\/a>\n\n\n\n<a class=\"gb-text-07177836\" href=\"#\" aria-label=\"Follow plumber on LinkedIn\"><span class=\"gb-shape\"><svg aria-hidden=\"true\" role=\"img\" height=\"1em\" width=\"1em\" viewBox=\"0 0 448 512\" xmlns=\"http:\/\/www.w3.org\/2000\/svg\"><path fill=\"currentColor\" d=\"M100.28 448H7.4V148.9h92.88zM53.79 108.1C24.09 108.1 0 83.5 0 53.8a53.79 53.79 0 0 1 107.58 0c0 29.7-24.1 54.3-53.79 54.3zM447.9 448h-92.68V302.4c0-34.7-.7-79.2-48.29-79.2-48.29 0-55.69 37.7-55.69 76.7V448h-92.78V148.9h89.08v40.8h1.3c12.4-23.5 42.69-48.3 87.88-48.3 94 0 111.28 61.9 111.28 142.3V448z\"><\/path><\/svg><\/span><\/a>\n<\/div>\n<\/div>\n\n\n\n<div class=\"gb-element-e98bb79e\">\n<img loading=\"lazy\" decoding=\"async\" width=\"640\" height=\"480\" class=\"gb-media-365a7f2a\" src=\"https:\/\/www.berkcan.com\/wp-content\/uploads\/2021\/11\/pexels-kindel-media-8486927.jpg\" title=\"pexels-kindel-media-8486927\" srcset=\"https:\/\/www.berkcan.com\/wp-content\/uploads\/2021\/11\/pexels-kindel-media-8486927.jpg 640w, https:\/\/www.berkcan.com\/wp-content\/uploads\/2021\/11\/pexels-kindel-media-8486927-300x225.jpg 300w\" sizes=\"auto, (max-width: 640px) 100vw, 640px\" \/>\n\n\n\n<h3 class=\"gb-text gb-text-f991131f\">Anna Doe<\/h3>\n\n\n\n<p class=\"gb-text gb-text-bc2b3ede\">Plumber<\/p>\n\n\n\n<div class=\"gb-element-5cbde06d\">\n<a class=\"gb-text-a9528c4f\" href=\"#\" aria-label=\"Follow plumber on X\"><span class=\"gb-shape\"><svg aria-hidden=\"true\" role=\"img\" height=\"1em\" width=\"1em\" viewBox=\"0 0 512 512\" xmlns=\"http:\/\/www.w3.org\/2000\/svg\"><path fill=\"currentColor\" d=\"M389.2 48h70.6L305.6 224.2 487 464H345L233.7 318.6 106.5 464H35.8L200.7 275.5 26.8 48H172.4L272.9 180.9 389.2 48zM364.4 421.8h39.1L151.1 88h-42L364.4 421.8z\"><\/path><\/svg><\/span><\/a>\n\n\n\n<a class=\"gb-text-62709f6d\" href=\"#\" aria-label=\"Follow plumber on LinkedIn\"><span class=\"gb-shape\"><svg aria-hidden=\"true\" role=\"img\" height=\"1em\" width=\"1em\" viewBox=\"0 0 448 512\" xmlns=\"http:\/\/www.w3.org\/2000\/svg\"><path fill=\"currentColor\" d=\"M100.28 448H7.4V148.9h92.88zM53.79 108.1C24.09 108.1 0 83.5 0 53.8a53.79 53.79 0 0 1 107.58 0c0 29.7-24.1 54.3-53.79 54.3zM447.9 448h-92.68V302.4c0-34.7-.7-79.2-48.29-79.2-48.29 0-55.69 37.7-55.69 76.7V448h-92.78V148.9h89.08v40.8h1.3c12.4-23.5 42.69-48.3 87.88-48.3 94 0 111.28 61.9 111.28 142.3V448z\"><\/path><\/svg><\/span><\/a>\n<\/div>\n<\/div>\n<\/div>\n<\/section>\n\n\n\n<section class=\"gb-element-2cbf29f0\">\n<div class=\"gb-element-1f892610\">\n<div class=\"gb-element-bf28c2bf\">\n<div class=\"gb-element-2de96d70\">\n<h2 class=\"gb-headline gb-headline-e6c110eb gb-headline-text\">55%<\/h2>\n\n\n\n<p class=\"gb-headline gb-headline-fe428901 gb-headline-text\">in something<\/p>\n<\/div>\n\n\n\n<div class=\"gb-element-612b3c04\">\n<h2 class=\"gb-headline gb-headline-9a1caf79 gb-headline-text\">80%<\/h2>\n\n\n\n<p class=\"gb-headline gb-headline-ef5823c5 gb-headline-text\">in something<\/p>\n<\/div>\n\n\n\n<div class=\"gb-element-b10cca6d\">\n<h2 class=\"gb-headline gb-headline-4c12f262 gb-headline-text\">76%<\/h2>\n\n\n\n<p class=\"gb-headline gb-headline-7fbac11c gb-headline-text\">in something<\/p>\n<\/div>\n\n\n\n<div class=\"gb-element-7796498e\">\n<h2 class=\"gb-headline gb-headline-ade50e88 gb-headline-text\">92%<\/h2>\n\n\n\n<p class=\"gb-headline gb-headline-4f8a41f6 gb-headline-text\">in something<\/p>\n<\/div>\n<\/div>\n<\/div>\n<\/section>\n\n\n\n<section class=\"gb-element-2c7f8869\">\n<div class=\"gb-element-524f0377\">\n<img loading=\"lazy\" decoding=\"async\" width=\"1280\" height=\"850\" class=\"gb-media-03885395\" src=\"https:\/\/www.berkcan.com\/wp-content\/uploads\/2021\/11\/plumber-228010_1280.jpg\" title=\"plumber-228010_1280\" srcset=\"https:\/\/www.berkcan.com\/wp-content\/uploads\/2021\/11\/plumber-228010_1280.jpg 1280w, https:\/\/www.berkcan.com\/wp-content\/uploads\/2021\/11\/plumber-228010_1280-300x199.jpg 300w, https:\/\/www.berkcan.com\/wp-content\/uploads\/2021\/11\/plumber-228010_1280-1024x680.jpg 1024w, https:\/\/www.berkcan.com\/wp-content\/uploads\/2021\/11\/plumber-228010_1280-768x510.jpg 768w\" sizes=\"auto, (max-width: 1280px) 100vw, 1280px\" \/>\n\n\n\n<div class=\"gb-element-5ad5ea22\">\n<h2 class=\"gb-text gb-text-c25b666f\">Verified plumbers<\/h2>\n\n\n\n<p class=\"gb-text gb-text-2eb046a1\">Maecenas efficitur luctus arcu vitae auctor.<\/p>\n\n\n\n<p class=\"gb-text gb-text-d878df6f\">Class aptent taciti sociosqu ad litora torquent per conubia nostra, per inceptos himenaeos. Maecenas efficitur luctus arcu vitae auctor.<\/p>\n\n\n\n<div class=\"gb-element-a43c0be5\">\n<a class=\"gb-text-7180a904\" href=\"#\"><span class=\"gb-shape\"><svg xmlns=\"http:\/\/www.w3.org\/2000\/svg\" viewBox=\"0 0 320 512\" width=\"1em\" height=\"1em\" aria-hidden=\"true\"><path d=\"M279.14 288l14.22-92.66h-88.91v-60.13c0-25.35 12.42-50.06 52.24-50.06h40.42V6.26S260.43 0 225.36 0c-73.22 0-121.08 44.38-121.08 124.72v70.62H22.89V288h81.39v224h100.17V288z\" fill=\"currentColor\"><\/path><\/svg><\/span><\/a>\n\n\n\n<a class=\"gb-text-812163bd\" href=\"#\"><span class=\"gb-shape\"><svg xmlns=\"http:\/\/www.w3.org\/2000\/svg\" viewBox=\"0 0 448 512\" width=\"1em\" height=\"1em\" aria-hidden=\"true\"><path d=\"M224.1 141c-63.6 0-114.9 51.3-114.9 114.9s51.3 114.9 114.9 114.9S339 319.5 339 255.9 287.7 141 224.1 141zm0 189.6c-41.1 0-74.7-33.5-74.7-74.7s33.5-74.7 74.7-74.7 74.7 33.5 74.7 74.7-33.6 74.7-74.7 74.7zm146.4-194.3c0 14.9-12 26.8-26.8 26.8-14.9 0-26.8-12-26.8-26.8s12-26.8 26.8-26.8 26.8 12 26.8 26.8zm76.1 27.2c-1.7-35.9-9.9-67.7-36.2-93.9-26.2-26.2-58-34.4-93.9-36.2-37-2.1-147.9-2.1-184.9 0-35.8 1.7-67.6 9.9-93.9 36.1s-34.4 58-36.2 93.9c-2.1 37-2.1 147.9 0 184.9 1.7 35.9 9.9 67.7 36.2 93.9s58 34.4 93.9 36.2c37 2.1 147.9 2.1 184.9 0 35.9-1.7 67.7-9.9 93.9-36.2 26.2-26.2 34.4-58 36.2-93.9 2.1-37 2.1-147.8 0-184.8zM398.8 388c-7.8 19.6-22.9 34.7-42.6 42.6-29.5 11.7-99.5 9-132.1 9s-102.7 2.6-132.1-9c-19.6-7.8-34.7-22.9-42.6-42.6-11.7-29.5-9-99.5-9-132.1s-2.6-102.7 9-132.1c7.8-19.6 22.9-34.7 42.6-42.6 29.5-11.7 99.5-9 132.1-9s102.7-2.6 132.1 9c19.6 7.8 34.7 22.9 42.6 42.6 11.7 29.5 9 99.5 9 132.1s2.7 102.7-9 132.1z\" fill=\"currentColor\"><\/path><\/svg><\/span><\/a>\n\n\n\n<a class=\"gb-text-ca372673\" href=\"#\"><span class=\"gb-shape\"><svg xmlns=\"http:\/\/www.w3.org\/2000\/svg\" viewBox=\"0 0 384 512\" width=\"1em\" height=\"1em\" aria-hidden=\"true\"><path d=\"M204 6.5C101.4 6.5 0 74.9 0 185.6 0 256 39.6 296 63.6 296c9.9 0 15.6-27.6 15.6-35.4 0-9.3-23.7-29.1-23.7-67.8 0-80.4 61.2-137.4 140.4-137.4 68.1 0 118.5 38.7 118.5 109.8 0 53.1-21.3 152.7-90.3 152.7-24.9 0-46.2-18-46.2-43.8 0-37.8 26.4-74.4 26.4-113.4 0-66.2-93.9-54.2-93.9 25.8 0 16.8 2.1 35.4 9.6 50.7-13.8 59.4-42 147.9-42 209.1 0 18.9 2.7 37.5 4.5 56.4 3.4 3.8 1.7 3.4 6.9 1.5 50.4-69 48.6-82.5 71.4-172.8 12.3 23.4 44.1 36 69.3 36 106.2 0 153.9-103.5 153.9-196.8C384 71.3 298.2 6.5 204 6.5z\" fill=\"currentColor\"><\/path><\/svg><\/span><\/a>\n\n\n\n<a class=\"gb-text-d713f762\" href=\"#\"><span class=\"gb-shape\"><svg xmlns=\"http:\/\/www.w3.org\/2000\/svg\" viewBox=\"0 0 512 512\" width=\"1em\" height=\"1em\" aria-hidden=\"true\"><path d=\"M459.37 151.716c.325 4.548.325 9.097.325 13.645 0 138.72-105.583 298.558-298.558 298.558-59.452 0-114.68-17.219-161.137-47.106 8.447.974 16.568 1.299 25.34 1.299 49.055 0 94.213-16.568 130.274-44.832-46.132-.975-84.792-31.188-98.112-72.772 6.498.974 12.995 1.624 19.818 1.624 9.421 0 18.843-1.3 27.614-3.573-48.081-9.747-84.143-51.98-84.143-102.985v-1.299c13.969 7.797 30.214 12.67 47.431 13.319-28.264-18.843-46.781-51.005-46.781-87.391 0-19.492 5.197-37.36 14.294-52.954 51.655 63.675 129.3 105.258 216.365 109.807-1.624-7.797-2.599-15.918-2.599-24.04 0-57.828 46.782-104.934 104.934-104.934 30.213 0 57.502 12.67 76.67 33.137 23.715-4.548 46.456-13.32 66.599-25.34-7.798 24.366-24.366 44.833-46.132 57.827 21.117-2.273 41.584-8.122 60.426-16.243-14.292 20.791-32.161 39.308-52.628 54.253z\" fill=\"currentColor\"><\/path><\/svg><\/span><\/a>\n<\/div>\n<\/div>\n<\/div>\n<\/section>\n","protected":false},"excerpt":{"rendered":"<p>Our team Class aptent taciti sociosqu ad litora torquent per conubia nostra, per inceptos himenaeos. Maecenas efficitur luctus arcu vitae auctor. Graham Doe Plumber Jane Doe Plumber James Doe Plumber Anna Doe Plumber 55% in something 80% in something 76% in something 92% in something Verified plumbers Maecenas efficitur luctus arcu vitae auctor. Class aptent &#8230; <a title=\"Team\" class=\"read-more\" href=\"https:\/\/www.berkcan.com\/index.php\/team\/\" aria-label=\"Read more about Team\">Read more<\/a><\/p>\n","protected":false},"author":0,"featured_media":0,"parent":0,"menu_order":0,"comment_status":"closed","ping_status":"closed","template":"","meta":{"footnotes":""},"class_list":["post-33","page","type-page","status-publish"],"yoast_head":"<!-- This site is optimized with the Yoast SEO plugin v20.3 - https:\/\/yoast.com\/wordpress\/plugins\/seo\/ -->\n<title>Team - Ankara Bilgisayar Kursu<\/title>\n<meta name=\"robots\" content=\"index, follow, max-snippet:-1, max-image-preview:large, max-video-preview:-1\" \/>\n<link rel=\"canonical\" href=\"https:\/\/www.berkcan.com\/index.php\/team\/\" \/>\n<meta property=\"og:locale\" content=\"tr_TR\" \/>\n<meta property=\"og:type\" content=\"article\" \/>\n<meta property=\"og:title\" content=\"Team - Ankara Bilgisayar Kursu\" \/>\n<meta property=\"og:description\" content=\"Our team Class aptent taciti sociosqu ad litora torquent per conubia nostra, per inceptos himenaeos. Maecenas efficitur luctus arcu vitae auctor. Graham Doe Plumber Jane Doe Plumber James Doe Plumber Anna Doe Plumber 55% in something 80% in something 76% in something 92% in something Verified plumbers Maecenas efficitur luctus arcu vitae auctor. Class aptent ... Read more\" \/>\n<meta property=\"og:url\" content=\"https:\/\/www.berkcan.com\/index.php\/team\/\" \/>\n<meta property=\"og:site_name\" content=\"Ankara Bilgisayar Kursu\" \/>\n<meta property=\"article:publisher\" content=\"https:\/\/www.facebook.com\/people\/Ahmet-Aydnalp\/560469077\/\" \/>\n<meta property=\"article:modified_time\" content=\"2026-05-04T18:03:20+00:00\" \/>\n<meta property=\"og:image\" content=\"https:\/\/sites.generatepress.com\/plumber\/wp-content\/uploads\/sites\/117\/2021\/11\/annie-gray-WEWTGkPUVT0-unsplash.jpg\" \/>\n<meta name=\"twitter:card\" content=\"summary_large_image\" \/>\n<script type=\"application\/ld+json\" class=\"yoast-schema-graph\">{\"@context\":\"https:\/\/schema.org\",\"@graph\":[{\"@type\":\"WebPage\",\"@id\":\"https:\/\/www.berkcan.com\/index.php\/team\/\",\"url\":\"https:\/\/www.berkcan.com\/index.php\/team\/\",\"name\":\"Team - Ankara Bilgisayar Kursu\",\"isPartOf\":{\"@id\":\"https:\/\/www.berkcan.com\/#website\"},\"datePublished\":\"2021-11-27T22:42:01+00:00\",\"dateModified\":\"2026-05-04T18:03:20+00:00\",\"breadcrumb\":{\"@id\":\"https:\/\/www.berkcan.com\/index.php\/team\/#breadcrumb\"},\"inLanguage\":\"tr\",\"potentialAction\":[{\"@type\":\"ReadAction\",\"target\":[\"https:\/\/www.berkcan.com\/index.php\/team\/\"]}]},{\"@type\":\"BreadcrumbList\",\"@id\":\"https:\/\/www.berkcan.com\/index.php\/team\/#breadcrumb\",\"itemListElement\":[{\"@type\":\"ListItem\",\"position\":1,\"name\":\"Anasayfa\",\"item\":\"https:\/\/www.berkcan.com\/\"},{\"@type\":\"ListItem\",\"position\":2,\"name\":\"Team\"}]},{\"@type\":\"WebSite\",\"@id\":\"https:\/\/www.berkcan.com\/#website\",\"url\":\"https:\/\/www.berkcan.com\/\",\"name\":\"Ankara Bilgisayar Kursu\",\"description\":\"Ankara MEB Onayl\u0131 Sertifika Merkezi, 37 Y\u0131ld\u0131r Hizmetinizdeyiz\",\"potentialAction\":[{\"@type\":\"SearchAction\",\"target\":{\"@type\":\"EntryPoint\",\"urlTemplate\":\"https:\/\/www.berkcan.com\/?s={search_term_string}\"},\"query-input\":\"required name=search_term_string\"}],\"inLanguage\":\"tr\"}]}<\/script>\n<!-- \/ Yoast SEO plugin. -->","yoast_head_json":{"title":"Team - Ankara Bilgisayar Kursu","robots":{"index":"index","follow":"follow","max-snippet":"max-snippet:-1","max-image-preview":"max-image-preview:large","max-video-preview":"max-video-preview:-1"},"canonical":"https:\/\/www.berkcan.com\/index.php\/team\/","og_locale":"tr_TR","og_type":"article","og_title":"Team - Ankara Bilgisayar Kursu","og_description":"Our team Class aptent taciti sociosqu ad litora torquent per conubia nostra, per inceptos himenaeos. Maecenas efficitur luctus arcu vitae auctor. Graham Doe Plumber Jane Doe Plumber James Doe Plumber Anna Doe Plumber 55% in something 80% in something 76% in something 92% in something Verified plumbers Maecenas efficitur luctus arcu vitae auctor. Class aptent ... Read more","og_url":"https:\/\/www.berkcan.com\/index.php\/team\/","og_site_name":"Ankara Bilgisayar Kursu","article_publisher":"https:\/\/www.facebook.com\/people\/Ahmet-Aydnalp\/560469077\/","article_modified_time":"2026-05-04T18:03:20+00:00","og_image":[{"url":"https:\/\/sites.generatepress.com\/plumber\/wp-content\/uploads\/sites\/117\/2021\/11\/annie-gray-WEWTGkPUVT0-unsplash.jpg"}],"twitter_card":"summary_large_image","schema":{"@context":"https:\/\/schema.org","@graph":[{"@type":"WebPage","@id":"https:\/\/www.berkcan.com\/index.php\/team\/","url":"https:\/\/www.berkcan.com\/index.php\/team\/","name":"Team - Ankara Bilgisayar Kursu","isPartOf":{"@id":"https:\/\/www.berkcan.com\/#website"},"datePublished":"2021-11-27T22:42:01+00:00","dateModified":"2026-05-04T18:03:20+00:00","breadcrumb":{"@id":"https:\/\/www.berkcan.com\/index.php\/team\/#breadcrumb"},"inLanguage":"tr","potentialAction":[{"@type":"ReadAction","target":["https:\/\/www.berkcan.com\/index.php\/team\/"]}]},{"@type":"BreadcrumbList","@id":"https:\/\/www.berkcan.com\/index.php\/team\/#breadcrumb","itemListElement":[{"@type":"ListItem","position":1,"name":"Anasayfa","item":"https:\/\/www.berkcan.com\/"},{"@type":"ListItem","position":2,"name":"Team"}]},{"@type":"WebSite","@id":"https:\/\/www.berkcan.com\/#website","url":"https:\/\/www.berkcan.com\/","name":"Ankara Bilgisayar Kursu","description":"Ankara MEB Onayl\u0131 Sertifika Merkezi, 37 Y\u0131ld\u0131r Hizmetinizdeyiz","potentialAction":[{"@type":"SearchAction","target":{"@type":"EntryPoint","urlTemplate":"https:\/\/www.berkcan.com\/?s={search_term_string}"},"query-input":"required name=search_term_string"}],"inLanguage":"tr"}]}},"_links":{"self":[{"href":"https:\/\/www.berkcan.com\/index.php\/wp-json\/wp\/v2\/pages\/33","targetHints":{"allow":["GET"]}}],"collection":[{"href":"https:\/\/www.berkcan.com\/index.php\/wp-json\/wp\/v2\/pages"}],"about":[{"href":"https:\/\/www.berkcan.com\/index.php\/wp-json\/wp\/v2\/types\/page"}],"replies":[{"embeddable":true,"href":"https:\/\/www.berkcan.com\/index.php\/wp-json\/wp\/v2\/comments?post=33"}],"version-history":[{"count":1,"href":"https:\/\/www.berkcan.com\/index.php\/wp-json\/wp\/v2\/pages\/33\/revisions"}],"predecessor-version":[{"id":1261,"href":"https:\/\/www.berkcan.com\/index.php\/wp-json\/wp\/v2\/pages\/33\/revisions\/1261"}],"wp:attachment":[{"href":"https:\/\/www.berkcan.com\/index.php\/wp-json\/wp\/v2\/media?parent=33"}],"curies":[{"name":"wp","href":"https:\/\/api.w.org\/{rel}","templated":true}]}}