{"id":31,"date":"2021-11-27T22:40:35","date_gmt":"2021-11-27T22:40:35","guid":{"rendered":"https:\/\/plumber-gp.wordifysites.com\/?page_id=31"},"modified":"2021-11-27T22:40:35","modified_gmt":"2021-11-27T22:40:35","slug":"services","status":"publish","type":"page","link":"https:\/\/www.berkcan.com\/index.php\/services\/","title":{"rendered":"Services"},"content":{"rendered":"\n<section class=\"gb-element-49d83e8f\">\n<h2 class=\"gb-text-1d963b50\"><span class=\"gb-shape\"><svg xmlns=\"http:\/\/www.w3.org\/2000\/svg\" width=\"16\" height=\"16\" class=\"bi bi-dash\" viewBox=\"0 0 16 16\">   <path d=\"M4 8a.5.5 0 0 1 .5-.5h7a.5.5 0 0 1 0 1h-7A.5.5 0 0 1 4 8z\"><\/path> <\/svg><\/span><span class=\"gb-text\">What we fix<\/span><\/h2>\n\n\n\n<p class=\"gb-text gb-text-305c5173\"><em>Class aptent taciti sociosqu ad litora torquent per conubia nostra, per inceptos himenaeos. Maecenas efficitur luctus arcu vitae auctor.<\/em><\/p>\n<\/section>\n\n\n\n<section class=\"gb-element-479baa59\">\n<div class=\"gb-element-86595902\" style=\"--inline-bg-image: url(https:\/\/sites.generatepress.com\/plumber\/wp-content\/uploads\/sites\/117\/2021\/11\/karan-bhatia-ib7jwp7m0iA-unsplash.jpg)\"><\/div>\n\n\n\n<div class=\"gb-element-5446baa3\">\n<h2 class=\"gb-text gb-text-5f5932c6\">Pipe repair<\/h2>\n\n\n\n<p style=\"font-size:18px\"><strong>Lorem ipsum dolor sit amet suscipit taciti primis tempor sagittis euismod libero facilisi.<\/strong><\/p>\n\n\n\n<p>Lorem ipsum dolor sit amet suscipit taciti primis tempor sagittis euismod libero facilisi. Aptent felis blandit cursus gravida sociis eleifend lectus nullam dapibus netus feugiat. Curae quam sollicitudin iaculis aptent leo ligula euismod dictumst penatibus mauris eros etiam praesent volutpat.<\/p>\n\n\n\n<p class=\"gb-text-286e78ab\"><span class=\"gb-shape\"><svg viewBox=\"0 0 16 16\" class=\"bi bi-check2-square\" height=\"16\" width=\"16\" xmlns=\"http:\/\/www.w3.org\/2000\/svg\">   <path d=\"M3 14.5A1.5 1.5 0 0 1 1.5 13V3A1.5 1.5 0 0 1 3 1.5h8a.5.5 0 0 1 0 1H3a.5.5 0 0 0-.5.5v10a.5.5 0 0 0 .5.5h10a.5.5 0 0 0 .5-.5V8a.5.5 0 0 1 1 0v5a1.5 1.5 0 0 1-1.5 1.5H3z\"><\/path>   <path d=\"m8.354 10.354 7-7a.5.5 0 0 0-.708-.708L8 9.293 5.354 6.646a.5.5 0 1 0-.708.708l3 3a.5.5 0 0 0 .708 0z\"><\/path> <\/svg><\/span><span class=\"gb-text\">Lorem ipsum dolor sit amet<\/span><\/p>\n\n\n\n<p class=\"gb-text-e5456979\"><span class=\"gb-shape\"><svg viewBox=\"0 0 16 16\" class=\"bi bi-check2-square\" height=\"16\" width=\"16\" xmlns=\"http:\/\/www.w3.org\/2000\/svg\">   <path d=\"M3 14.5A1.5 1.5 0 0 1 1.5 13V3A1.5 1.5 0 0 1 3 1.5h8a.5.5 0 0 1 0 1H3a.5.5 0 0 0-.5.5v10a.5.5 0 0 0 .5.5h10a.5.5 0 0 0 .5-.5V8a.5.5 0 0 1 1 0v5a1.5 1.5 0 0 1-1.5 1.5H3z\"><\/path>   <path d=\"m8.354 10.354 7-7a.5.5 0 0 0-.708-.708L8 9.293 5.354 6.646a.5.5 0 1 0-.708.708l3 3a.5.5 0 0 0 .708 0z\"><\/path> <\/svg><\/span><span class=\"gb-text\">Suscipit taciti primis tempor sagittis.<\/span><\/p>\n\n\n\n<p class=\"gb-text-7fd0d260\"><span class=\"gb-shape\"><svg viewBox=\"0 0 16 16\" class=\"bi bi-check2-square\" height=\"16\" width=\"16\" xmlns=\"http:\/\/www.w3.org\/2000\/svg\">   <path d=\"M3 14.5A1.5 1.5 0 0 1 1.5 13V3A1.5 1.5 0 0 1 3 1.5h8a.5.5 0 0 1 0 1H3a.5.5 0 0 0-.5.5v10a.5.5 0 0 0 .5.5h10a.5.5 0 0 0 .5-.5V8a.5.5 0 0 1 1 0v5a1.5 1.5 0 0 1-1.5 1.5H3z\"><\/path>   <path d=\"m8.354 10.354 7-7a.5.5 0 0 0-.708-.708L8 9.293 5.354 6.646a.5.5 0 1 0-.708.708l3 3a.5.5 0 0 0 .708 0z\"><\/path> <\/svg><\/span><span class=\"gb-text\">Felis blandit cursus gravida sociis eleifend<\/span><\/p>\n<\/div>\n<\/section>\n\n\n\n<section class=\"gb-element-edab02eb\">\n<div class=\"gb-element-f8d1dadf\">\n<h2 class=\"gb-text gb-text-5961a22b\">Faucet installation<\/h2>\n\n\n\n<p style=\"font-size:18px\"><strong>Lorem ipsum dolor sit amet suscipit taciti primis tempor sagittis euismod libero facilisi.<\/strong><\/p>\n\n\n\n<p>Lorem ipsum dolor sit amet suscipit taciti primis tempor sagittis euismod libero facilisi. Aptent felis blandit cursus gravida sociis eleifend lectus nullam dapibus netus feugiat. Curae quam sollicitudin iaculis aptent leo ligula euismod dictumst penatibus mauris eros etiam praesent volutpat.<\/p>\n\n\n\n<p class=\"gb-text-6c2a8e48\"><span class=\"gb-shape\"><svg viewBox=\"0 0 16 16\" class=\"bi bi-check2-square\" height=\"16\" width=\"16\" xmlns=\"http:\/\/www.w3.org\/2000\/svg\">   <path d=\"M3 14.5A1.5 1.5 0 0 1 1.5 13V3A1.5 1.5 0 0 1 3 1.5h8a.5.5 0 0 1 0 1H3a.5.5 0 0 0-.5.5v10a.5.5 0 0 0 .5.5h10a.5.5 0 0 0 .5-.5V8a.5.5 0 0 1 1 0v5a1.5 1.5 0 0 1-1.5 1.5H3z\"><\/path>   <path d=\"m8.354 10.354 7-7a.5.5 0 0 0-.708-.708L8 9.293 5.354 6.646a.5.5 0 1 0-.708.708l3 3a.5.5 0 0 0 .708 0z\"><\/path> <\/svg><\/span><span class=\"gb-text\">Lorem ipsum dolor sit amet<\/span><\/p>\n\n\n\n<p class=\"gb-text-b42ae281\"><span class=\"gb-shape\"><svg viewBox=\"0 0 16 16\" class=\"bi bi-check2-square\" height=\"16\" width=\"16\" xmlns=\"http:\/\/www.w3.org\/2000\/svg\">   <path d=\"M3 14.5A1.5 1.5 0 0 1 1.5 13V3A1.5 1.5 0 0 1 3 1.5h8a.5.5 0 0 1 0 1H3a.5.5 0 0 0-.5.5v10a.5.5 0 0 0 .5.5h10a.5.5 0 0 0 .5-.5V8a.5.5 0 0 1 1 0v5a1.5 1.5 0 0 1-1.5 1.5H3z\"><\/path>   <path d=\"m8.354 10.354 7-7a.5.5 0 0 0-.708-.708L8 9.293 5.354 6.646a.5.5 0 1 0-.708.708l3 3a.5.5 0 0 0 .708 0z\"><\/path> <\/svg><\/span><span class=\"gb-text\">Suscipit taciti primis tempor sagittis.<\/span><\/p>\n\n\n\n<p class=\"gb-text-0ef16acc\"><span class=\"gb-shape\"><svg viewBox=\"0 0 16 16\" class=\"bi bi-check2-square\" height=\"16\" width=\"16\" xmlns=\"http:\/\/www.w3.org\/2000\/svg\">   <path d=\"M3 14.5A1.5 1.5 0 0 1 1.5 13V3A1.5 1.5 0 0 1 3 1.5h8a.5.5 0 0 1 0 1H3a.5.5 0 0 0-.5.5v10a.5.5 0 0 0 .5.5h10a.5.5 0 0 0 .5-.5V8a.5.5 0 0 1 1 0v5a1.5 1.5 0 0 1-1.5 1.5H3z\"><\/path>   <path d=\"m8.354 10.354 7-7a.5.5 0 0 0-.708-.708L8 9.293 5.354 6.646a.5.5 0 1 0-.708.708l3 3a.5.5 0 0 0 .708 0z\"><\/path> <\/svg><\/span><span class=\"gb-text\">Felis blandit cursus gravida sociis eleifend<\/span><\/p>\n<\/div>\n\n\n\n<div class=\"gb-element-383e4447\"><\/div>\n<\/section>\n\n\n\n<section class=\"gb-element-0ffaaef6\">\n<div class=\"gb-element-3f74cbef\"><\/div>\n\n\n\n<div class=\"gb-element-d1854251\">\n<h2 class=\"gb-text gb-text-93c0a739\">Commercial plumbing<\/h2>\n\n\n\n<p style=\"font-size:18px\"><strong>Lorem ipsum dolor sit amet suscipit taciti primis tempor sagittis euismod libero facilisi.<\/strong><\/p>\n\n\n\n<p>Lorem ipsum dolor sit amet suscipit taciti primis tempor sagittis euismod libero facilisi. Aptent felis blandit cursus gravida sociis eleifend lectus nullam dapibus netus feugiat. Curae quam sollicitudin iaculis aptent leo ligula euismod dictumst penatibus mauris eros etiam praesent volutpat.<\/p>\n\n\n\n<p class=\"gb-text-213aba6d\"><span class=\"gb-shape\"><svg viewBox=\"0 0 16 16\" class=\"bi bi-check2-square\" height=\"16\" width=\"16\" xmlns=\"http:\/\/www.w3.org\/2000\/svg\">   <path d=\"M3 14.5A1.5 1.5 0 0 1 1.5 13V3A1.5 1.5 0 0 1 3 1.5h8a.5.5 0 0 1 0 1H3a.5.5 0 0 0-.5.5v10a.5.5 0 0 0 .5.5h10a.5.5 0 0 0 .5-.5V8a.5.5 0 0 1 1 0v5a1.5 1.5 0 0 1-1.5 1.5H3z\"><\/path>   <path d=\"m8.354 10.354 7-7a.5.5 0 0 0-.708-.708L8 9.293 5.354 6.646a.5.5 0 1 0-.708.708l3 3a.5.5 0 0 0 .708 0z\"><\/path> <\/svg><\/span><span class=\"gb-text\">Lorem ipsum dolor sit amet<\/span><\/p>\n\n\n\n<p class=\"gb-text-994c9059\"><span class=\"gb-shape\"><svg viewBox=\"0 0 16 16\" class=\"bi bi-check2-square\" height=\"16\" width=\"16\" xmlns=\"http:\/\/www.w3.org\/2000\/svg\">   <path d=\"M3 14.5A1.5 1.5 0 0 1 1.5 13V3A1.5 1.5 0 0 1 3 1.5h8a.5.5 0 0 1 0 1H3a.5.5 0 0 0-.5.5v10a.5.5 0 0 0 .5.5h10a.5.5 0 0 0 .5-.5V8a.5.5 0 0 1 1 0v5a1.5 1.5 0 0 1-1.5 1.5H3z\"><\/path>   <path d=\"m8.354 10.354 7-7a.5.5 0 0 0-.708-.708L8 9.293 5.354 6.646a.5.5 0 1 0-.708.708l3 3a.5.5 0 0 0 .708 0z\"><\/path> <\/svg><\/span><span class=\"gb-text\">Suscipit taciti primis tempor sagittis.<\/span><\/p>\n\n\n\n<p class=\"gb-text-a44e469e\"><span class=\"gb-shape\"><svg viewBox=\"0 0 16 16\" class=\"bi bi-check2-square\" height=\"16\" width=\"16\" xmlns=\"http:\/\/www.w3.org\/2000\/svg\">   <path d=\"M3 14.5A1.5 1.5 0 0 1 1.5 13V3A1.5 1.5 0 0 1 3 1.5h8a.5.5 0 0 1 0 1H3a.5.5 0 0 0-.5.5v10a.5.5 0 0 0 .5.5h10a.5.5 0 0 0 .5-.5V8a.5.5 0 0 1 1 0v5a1.5 1.5 0 0 1-1.5 1.5H3z\"><\/path>   <path d=\"m8.354 10.354 7-7a.5.5 0 0 0-.708-.708L8 9.293 5.354 6.646a.5.5 0 1 0-.708.708l3 3a.5.5 0 0 0 .708 0z\"><\/path> <\/svg><\/span><span class=\"gb-text\">Felis blandit cursus gravida sociis eleifend<\/span><\/p>\n<\/div>\n<\/section>\n","protected":false},"excerpt":{"rendered":"<p>What we fix Class aptent taciti sociosqu ad litora torquent per conubia nostra, per inceptos himenaeos. Maecenas efficitur luctus arcu vitae auctor. Pipe repair Lorem ipsum dolor sit amet suscipit taciti primis tempor sagittis euismod libero facilisi. Lorem ipsum dolor sit amet suscipit taciti primis tempor sagittis euismod libero facilisi. Aptent felis blandit cursus gravida &#8230; <a title=\"Services\" class=\"read-more\" href=\"https:\/\/www.berkcan.com\/index.php\/services\/\" aria-label=\"Read more about Services\">Read more<\/a><\/p>\n","protected":false},"author":0,"featured_media":0,"parent":0,"menu_order":0,"comment_status":"closed","ping_status":"closed","template":"","meta":{"footnotes":""},"class_list":["post-31","page","type-page","status-publish"],"yoast_head":"<!-- This site is optimized with the Yoast SEO plugin v20.3 - https:\/\/yoast.com\/wordpress\/plugins\/seo\/ -->\n<title>Services - Ankara Bilgisayar Kursu<\/title>\n<meta name=\"robots\" content=\"index, follow, max-snippet:-1, max-image-preview:large, max-video-preview:-1\" \/>\n<link rel=\"canonical\" href=\"https:\/\/www.berkcan.com\/index.php\/services\/\" \/>\n<meta property=\"og:locale\" content=\"tr_TR\" \/>\n<meta property=\"og:type\" content=\"article\" \/>\n<meta property=\"og:title\" content=\"Services - Ankara Bilgisayar Kursu\" \/>\n<meta property=\"og:description\" content=\"What we fix Class aptent taciti sociosqu ad litora torquent per conubia nostra, per inceptos himenaeos. Maecenas efficitur luctus arcu vitae auctor. Pipe repair Lorem ipsum dolor sit amet suscipit taciti primis tempor sagittis euismod libero facilisi. Lorem ipsum dolor sit amet suscipit taciti primis tempor sagittis euismod libero facilisi. Aptent felis blandit cursus gravida ... Read more\" \/>\n<meta property=\"og:url\" content=\"https:\/\/www.berkcan.com\/index.php\/services\/\" \/>\n<meta property=\"og:site_name\" content=\"Ankara Bilgisayar Kursu\" \/>\n<meta property=\"article:publisher\" content=\"https:\/\/www.facebook.com\/people\/Ahmet-Aydnalp\/560469077\/\" \/>\n<meta name=\"twitter:card\" content=\"summary_large_image\" \/>\n<meta name=\"twitter:label1\" content=\"Tahmini okuma s\u00fcresi\" \/>\n\t<meta name=\"twitter:data1\" content=\"1 dakika\" \/>\n<script type=\"application\/ld+json\" class=\"yoast-schema-graph\">{\"@context\":\"https:\/\/schema.org\",\"@graph\":[{\"@type\":\"WebPage\",\"@id\":\"https:\/\/www.berkcan.com\/index.php\/services\/\",\"url\":\"https:\/\/www.berkcan.com\/index.php\/services\/\",\"name\":\"Services - Ankara Bilgisayar Kursu\",\"isPartOf\":{\"@id\":\"https:\/\/www.berkcan.com\/#website\"},\"datePublished\":\"2021-11-27T22:40:35+00:00\",\"dateModified\":\"2021-11-27T22:40:35+00:00\",\"breadcrumb\":{\"@id\":\"https:\/\/www.berkcan.com\/index.php\/services\/#breadcrumb\"},\"inLanguage\":\"tr\",\"potentialAction\":[{\"@type\":\"ReadAction\",\"target\":[\"https:\/\/www.berkcan.com\/index.php\/services\/\"]}]},{\"@type\":\"BreadcrumbList\",\"@id\":\"https:\/\/www.berkcan.com\/index.php\/services\/#breadcrumb\",\"itemListElement\":[{\"@type\":\"ListItem\",\"position\":1,\"name\":\"Anasayfa\",\"item\":\"https:\/\/www.berkcan.com\/\"},{\"@type\":\"ListItem\",\"position\":2,\"name\":\"Services\"}]},{\"@type\":\"WebSite\",\"@id\":\"https:\/\/www.berkcan.com\/#website\",\"url\":\"https:\/\/www.berkcan.com\/\",\"name\":\"Ankara Bilgisayar Kursu\",\"description\":\"Ankara MEB Onayl\u0131 Sertifika Merkezi, 37 Y\u0131ld\u0131r Hizmetinizdeyiz\",\"potentialAction\":[{\"@type\":\"SearchAction\",\"target\":{\"@type\":\"EntryPoint\",\"urlTemplate\":\"https:\/\/www.berkcan.com\/?s={search_term_string}\"},\"query-input\":\"required name=search_term_string\"}],\"inLanguage\":\"tr\"}]}<\/script>\n<!-- \/ Yoast SEO plugin. -->","yoast_head_json":{"title":"Services - Ankara Bilgisayar Kursu","robots":{"index":"index","follow":"follow","max-snippet":"max-snippet:-1","max-image-preview":"max-image-preview:large","max-video-preview":"max-video-preview:-1"},"canonical":"https:\/\/www.berkcan.com\/index.php\/services\/","og_locale":"tr_TR","og_type":"article","og_title":"Services - Ankara Bilgisayar Kursu","og_description":"What we fix Class aptent taciti sociosqu ad litora torquent per conubia nostra, per inceptos himenaeos. Maecenas efficitur luctus arcu vitae auctor. Pipe repair Lorem ipsum dolor sit amet suscipit taciti primis tempor sagittis euismod libero facilisi. Lorem ipsum dolor sit amet suscipit taciti primis tempor sagittis euismod libero facilisi. Aptent felis blandit cursus gravida ... Read more","og_url":"https:\/\/www.berkcan.com\/index.php\/services\/","og_site_name":"Ankara Bilgisayar Kursu","article_publisher":"https:\/\/www.facebook.com\/people\/Ahmet-Aydnalp\/560469077\/","twitter_card":"summary_large_image","twitter_misc":{"Tahmini okuma s\u00fcresi":"1 dakika"},"schema":{"@context":"https:\/\/schema.org","@graph":[{"@type":"WebPage","@id":"https:\/\/www.berkcan.com\/index.php\/services\/","url":"https:\/\/www.berkcan.com\/index.php\/services\/","name":"Services - Ankara Bilgisayar Kursu","isPartOf":{"@id":"https:\/\/www.berkcan.com\/#website"},"datePublished":"2021-11-27T22:40:35+00:00","dateModified":"2021-11-27T22:40:35+00:00","breadcrumb":{"@id":"https:\/\/www.berkcan.com\/index.php\/services\/#breadcrumb"},"inLanguage":"tr","potentialAction":[{"@type":"ReadAction","target":["https:\/\/www.berkcan.com\/index.php\/services\/"]}]},{"@type":"BreadcrumbList","@id":"https:\/\/www.berkcan.com\/index.php\/services\/#breadcrumb","itemListElement":[{"@type":"ListItem","position":1,"name":"Anasayfa","item":"https:\/\/www.berkcan.com\/"},{"@type":"ListItem","position":2,"name":"Services"}]},{"@type":"WebSite","@id":"https:\/\/www.berkcan.com\/#website","url":"https:\/\/www.berkcan.com\/","name":"Ankara Bilgisayar Kursu","description":"Ankara MEB Onayl\u0131 Sertifika Merkezi, 37 Y\u0131ld\u0131r Hizmetinizdeyiz","potentialAction":[{"@type":"SearchAction","target":{"@type":"EntryPoint","urlTemplate":"https:\/\/www.berkcan.com\/?s={search_term_string}"},"query-input":"required name=search_term_string"}],"inLanguage":"tr"}]}},"_links":{"self":[{"href":"https:\/\/www.berkcan.com\/index.php\/wp-json\/wp\/v2\/pages\/31","targetHints":{"allow":["GET"]}}],"collection":[{"href":"https:\/\/www.berkcan.com\/index.php\/wp-json\/wp\/v2\/pages"}],"about":[{"href":"https:\/\/www.berkcan.com\/index.php\/wp-json\/wp\/v2\/types\/page"}],"replies":[{"embeddable":true,"href":"https:\/\/www.berkcan.com\/index.php\/wp-json\/wp\/v2\/comments?post=31"}],"version-history":[{"count":0,"href":"https:\/\/www.berkcan.com\/index.php\/wp-json\/wp\/v2\/pages\/31\/revisions"}],"wp:attachment":[{"href":"https:\/\/www.berkcan.com\/index.php\/wp-json\/wp\/v2\/media?parent=31"}],"curies":[{"name":"wp","href":"https:\/\/api.w.org\/{rel}","templated":true}]}}