{"id":15,"date":"2023-03-05T09:54:33","date_gmt":"2023-03-05T09:54:33","guid":{"rendered":"https:\/\/berkcan.com\/?page_id=15"},"modified":"2023-03-15T18:32:41","modified_gmt":"2023-03-15T18:32:41","slug":"iletisim","status":"publish","type":"page","link":"https:\/\/www.berkcan.com\/index.php\/iletisim\/","title":{"rendered":"\u0130leti\u015fim Bilgileri"},"content":{"rendered":"<p>\u00d6zel Ankara Ayd\u0131n Akademi ileti\u015fim bilgileri ve lokasyonu a\u015fa\u011f\u0131da verilmi\u015ftir ama yine de yer tarifi yapmak isterim. \u00d6zel Ankara Ayd\u0131n Akademi Bilgisayar ve Matematik Kursu Merkezi Ankara Atat\u00fcrk Bulvar\u0131 \u00fczerinde K\u0131z\u0131lay meydan\u0131nda, K\u0131z\u0131lay AVM ile Evkur Ma\u011fazas\u0131n\u0131n aras\u0131nda kalan 94 nolu binan\u0131n 7. kat\u0131nday\u0131z. Ula\u015f\u0131m\u0131 kolay merkezi bir yerdeyiz. Ankara\u2019n\u0131n her yerinden tek vesait ile gelebilirsiniz. Kurs Merkezi \u00f6n\u00fcnde neredeyse her semtten gelen otob\u00fcs duraklar\u0131 vard\u0131r. Duraklar\u0131n Kurumumuza uzakl\u0131\u011f\u0131 3 \u2013 5 dakikal\u0131k y\u00fcr\u00fcme mesafesindedir. E\u011fer Metro ya da Ankaray ile gelecekseniz K\u0131z\u0131lay Metro \u0130stasyonunda ineceksiniz. K\u0131z\u0131lay Metrosunun farkl\u0131 y\u00f6nlere \u00e7\u0131k\u0131\u015flar\u0131 vard\u0131r. Metrodan \u0130zmir Caddesi \u00e7\u0131k\u0131\u015f\u0131ndan \u00e7\u0131karsan\u0131z, tam 94 nolu Kurs binas\u0131n\u0131n \u00f6n\u00fcne \u00e7\u0131km\u0131\u015f olursunuz.<\/p>\n<p><a href=\"www.ankaraaydin.com\">AYDIN AKADEM\u0130 B\u0130LG\u0130SAYAR KURSU<\/a><\/p>\n<p>Bizi a\u015fa\u011f\u0131da verilen sabit telefon hatt\u0131 ve mobil telefon hatt\u0131ndan 7 g\u00fcn 24 saat arayabilir, WhatsApp hatt\u0131m\u0131za ve e-posta adresimize 7 g\u00fcn 24 saat \u00e7ekinmeden mesaj g\u00f6nderebilirsiniz. Mutlaka geri d\u00f6n\u00fc\u015f yap\u0131lacakt\u0131r.<\/p>\n<p>\u0130leti\u015fim 1: 0551 735 06 06<\/p>\n<p>\u0130leti\u015fim 2: 0553 730 14 14<\/p>\n<p>Whatsapp:0553 730 14 14<\/p>\n<p><a href=\"https:\/\/www.ankaraaydin.com\/\">www.ankaraaydin.com<\/a><\/p>\n<p><a href=\"https:\/\/www.berkcan.com\/\">www.berkcan.com<\/a><\/p>\n<p>AYDIN AKADEM\u0130 KURUMLARI 32 y\u0131ll\u0131k bir kurumuz verdi\u011fimiz e\u011fitimler son derece profesyonel&#8217;dir MEB ONAYLI E\u011e\u0130T\u0130M VER\u0130YORUZ SERT\u0130F\u0130KASINIZ E DEVLET&#8217;DE G\u00d6Z\u00dcKME GARANT\u0130S\u0130 VER\u0130YORUZ S\u0130ZDE B\u0130ZE KATILIN.<\/p>\n<p>Adres:<a href=\"https:\/\/www.google.com\/search?q=K%C4%B1z%C4%B1lay%2C+AVM+yan%C4%B1%2C+Atat%C3%BCrk+Blv+No%3A94%2F14+D%3AKat+7%2C+06440+%C3%87ankaya%2FAnkara&amp;tbm=lcl&amp;ei=9KfFYsCaL6aNxc8Pnem54A8&amp;oq=K%C4%B1z%C4%B1lay%2C+AVM+yan%C4%B1%2C+Atat%C3%BCrk+Blv+No%3A94%2F14+D%3AKat+7%2C+06440+%C3%87ankaya%2FAnkara&amp;gs_l=psy-ab.3...169668.169668.0.170474.1.1.0.0.0.0.89.89.1.1.0....0...1c.1.64.psy-ab..0.0.0....0.Q8xqFTN7LCA;\">Atat\u00fcrk Bulvar\u0131 \u00d6ZKAN \u0130\u015eHANI No: 94\/14 (Kat 7) K\u0131z\u0131lay\/\u00c7ankaya\/ANKARA (K\u0131z\u0131lay AVM binas\u0131n\u0131n S\u0131hhiye y\u00f6n\u00fcndeki yan binas\u0131nday\u0131z)<\/a><\/p>\n<p><iframe loading=\"lazy\" src=\"https:\/\/www.google.com\/maps\/embed?pb=!1m18!1m12!1m3!1d3059.8691709501545!2d32.85129641491712!3d39.92194389350693!2m3!1f0!2f0!3f0!3m2!1i1024!2i768!4f13.1!3m3!1m2!1s0x14d34e5567ea1179%3A0xee1b10926d904c8!2sAyd%C4%B1n%20Akademi%20Bilgisayar%20Kursu!5e0!3m2!1str!2str!4v1678026702680!5m2!1str!2str\" width=\"900\" height=\"500\"><\/iframe><\/p>\n","protected":false},"excerpt":{"rendered":"<p>\u00d6zel Ankara Ayd\u0131n Akademi ileti\u015fim bilgileri ve lokasyonu a\u015fa\u011f\u0131da verilmi\u015ftir ama yine de yer tarifi yapmak isterim. \u00d6zel Ankara Ayd\u0131n Akademi Bilgisayar ve Matematik Kursu Merkezi Ankara Atat\u00fcrk Bulvar\u0131 \u00fczerinde K\u0131z\u0131lay meydan\u0131nda, K\u0131z\u0131lay AVM ile Evkur Ma\u011fazas\u0131n\u0131n aras\u0131nda kalan 94 <a href=\"https:\/\/www.berkcan.com\/index.php\/iletisim\/\" class=\"read-more\">Daha fazla&#8230;<\/a><\/p>\n","protected":false},"author":1,"featured_media":0,"parent":0,"menu_order":0,"comment_status":"closed","ping_status":"closed","template":"","meta":{"footnotes":""},"class_list":["post-15","page","type-page","status-publish","hentry"],"yoast_head":"<!-- This site is optimized with the Yoast SEO plugin v20.3 - https:\/\/yoast.com\/wordpress\/plugins\/seo\/ -->\n<title>\u0130leti\u015fim Bilgileri - Ayd\u0131n Akademi Bilgisayar Kursu<\/title>\n<meta name=\"robots\" content=\"index, follow, max-snippet:-1, max-image-preview:large, max-video-preview:-1\" \/>\n<link rel=\"canonical\" href=\"https:\/\/www.berkcan.com\/index.php\/iletisim\/\" \/>\n<meta property=\"og:locale\" content=\"tr_TR\" \/>\n<meta property=\"og:type\" content=\"article\" \/>\n<meta property=\"og:title\" content=\"\u0130leti\u015fim Bilgileri - Ayd\u0131n Akademi Bilgisayar Kursu\" \/>\n<meta property=\"og:description\" content=\"\u00d6zel Ankara Ayd\u0131n Akademi ileti\u015fim bilgileri ve lokasyonu a\u015fa\u011f\u0131da verilmi\u015ftir ama yine de yer tarifi yapmak isterim. \u00d6zel Ankara Ayd\u0131n Akademi Bilgisayar ve Matematik Kursu Merkezi Ankara Atat\u00fcrk Bulvar\u0131 \u00fczerinde K\u0131z\u0131lay meydan\u0131nda, K\u0131z\u0131lay AVM ile Evkur Ma\u011fazas\u0131n\u0131n aras\u0131nda kalan 94 Daha fazla...\" \/>\n<meta property=\"og:url\" content=\"https:\/\/www.berkcan.com\/index.php\/iletisim\/\" \/>\n<meta property=\"og:site_name\" content=\"Ayd\u0131n Akademi Bilgisayar Kursu\" \/>\n<meta property=\"article:publisher\" content=\"https:\/\/www.facebook.com\/people\/Ahmet-Aydnalp\/560469077\/\" \/>\n<meta property=\"article:modified_time\" content=\"2023-03-15T18:32:41+00:00\" \/>\n<meta name=\"twitter:card\" content=\"summary_large_image\" \/>\n<meta name=\"twitter:label1\" content=\"Tahmini okuma s\u00fcresi\" \/>\n\t<meta name=\"twitter:data1\" content=\"2 dakika\" \/>\n<script type=\"application\/ld+json\" class=\"yoast-schema-graph\">{\"@context\":\"https:\/\/schema.org\",\"@graph\":[{\"@type\":\"WebPage\",\"@id\":\"https:\/\/www.berkcan.com\/index.php\/iletisim\/\",\"url\":\"https:\/\/www.berkcan.com\/index.php\/iletisim\/\",\"name\":\"\u0130leti\u015fim Bilgileri - Ayd\u0131n Akademi Bilgisayar Kursu\",\"isPartOf\":{\"@id\":\"https:\/\/www.berkcan.com\/#website\"},\"datePublished\":\"2023-03-05T09:54:33+00:00\",\"dateModified\":\"2023-03-15T18:32:41+00:00\",\"breadcrumb\":{\"@id\":\"https:\/\/www.berkcan.com\/index.php\/iletisim\/#breadcrumb\"},\"inLanguage\":\"tr\",\"potentialAction\":[{\"@type\":\"ReadAction\",\"target\":[\"https:\/\/www.berkcan.com\/index.php\/iletisim\/\"]}]},{\"@type\":\"BreadcrumbList\",\"@id\":\"https:\/\/www.berkcan.com\/index.php\/iletisim\/#breadcrumb\",\"itemListElement\":[{\"@type\":\"ListItem\",\"position\":1,\"name\":\"Anasayfa\",\"item\":\"https:\/\/www.berkcan.com\/\"},{\"@type\":\"ListItem\",\"position\":2,\"name\":\"\u0130leti\u015fim Bilgileri\"}]},{\"@type\":\"WebSite\",\"@id\":\"https:\/\/www.berkcan.com\/#website\",\"url\":\"https:\/\/www.berkcan.com\/\",\"name\":\"Ayd\u0131n Akademi Bilgisayar Kursu\",\"description\":\"Ankara MEB Onayl\u0131 Sertifika Merkezi, 34 Y\u0131ld\u0131r Hizmetinizdeyiz\",\"publisher\":{\"@id\":\"https:\/\/www.berkcan.com\/#organization\"},\"potentialAction\":[{\"@type\":\"SearchAction\",\"target\":{\"@type\":\"EntryPoint\",\"urlTemplate\":\"https:\/\/www.berkcan.com\/?s={search_term_string}\"},\"query-input\":\"required name=search_term_string\"}],\"inLanguage\":\"tr\"},{\"@type\":\"Organization\",\"@id\":\"https:\/\/www.berkcan.com\/#organization\",\"name\":\"Ayd\u0131n Akademi Bilgisayar Kursu\",\"url\":\"https:\/\/www.berkcan.com\/\",\"logo\":{\"@type\":\"ImageObject\",\"inLanguage\":\"tr\",\"@id\":\"https:\/\/www.berkcan.com\/#\/schema\/logo\/image\/\",\"url\":\"https:\/\/www.berkcan.com\/wp-content\/uploads\/2023\/03\/logo.png\",\"contentUrl\":\"https:\/\/www.berkcan.com\/wp-content\/uploads\/2023\/03\/logo.png\",\"width\":300,\"height\":300,\"caption\":\"Ayd\u0131n  Akademi Bilgisayar Kursu\"},\"image\":{\"@id\":\"https:\/\/www.berkcan.com\/#\/schema\/logo\/image\/\"},\"sameAs\":[\"https:\/\/www.facebook.com\/people\/Ahmet-Aydnalp\/560469077\/\",\"https:\/\/www.youtube.com\/c\/ahmetaydinalp\",\"https:\/\/www.instagram.com\/aydinakademi_06\/\"]}]}<\/script>\n<!-- \/ Yoast SEO plugin. -->","yoast_head_json":{"title":"\u0130leti\u015fim Bilgileri - Ayd\u0131n Akademi Bilgisayar Kursu","robots":{"index":"index","follow":"follow","max-snippet":"max-snippet:-1","max-image-preview":"max-image-preview:large","max-video-preview":"max-video-preview:-1"},"canonical":"https:\/\/www.berkcan.com\/index.php\/iletisim\/","og_locale":"tr_TR","og_type":"article","og_title":"\u0130leti\u015fim Bilgileri - Ayd\u0131n Akademi Bilgisayar Kursu","og_description":"\u00d6zel Ankara Ayd\u0131n Akademi ileti\u015fim bilgileri ve lokasyonu a\u015fa\u011f\u0131da verilmi\u015ftir ama yine de yer tarifi yapmak isterim. \u00d6zel Ankara Ayd\u0131n Akademi Bilgisayar ve Matematik Kursu Merkezi Ankara Atat\u00fcrk Bulvar\u0131 \u00fczerinde K\u0131z\u0131lay meydan\u0131nda, K\u0131z\u0131lay AVM ile Evkur Ma\u011fazas\u0131n\u0131n aras\u0131nda kalan 94 Daha fazla...","og_url":"https:\/\/www.berkcan.com\/index.php\/iletisim\/","og_site_name":"Ayd\u0131n Akademi Bilgisayar Kursu","article_publisher":"https:\/\/www.facebook.com\/people\/Ahmet-Aydnalp\/560469077\/","article_modified_time":"2023-03-15T18:32:41+00:00","twitter_card":"summary_large_image","twitter_misc":{"Tahmini okuma s\u00fcresi":"2 dakika"},"schema":{"@context":"https:\/\/schema.org","@graph":[{"@type":"WebPage","@id":"https:\/\/www.berkcan.com\/index.php\/iletisim\/","url":"https:\/\/www.berkcan.com\/index.php\/iletisim\/","name":"\u0130leti\u015fim Bilgileri - Ayd\u0131n Akademi Bilgisayar Kursu","isPartOf":{"@id":"https:\/\/www.berkcan.com\/#website"},"datePublished":"2023-03-05T09:54:33+00:00","dateModified":"2023-03-15T18:32:41+00:00","breadcrumb":{"@id":"https:\/\/www.berkcan.com\/index.php\/iletisim\/#breadcrumb"},"inLanguage":"tr","potentialAction":[{"@type":"ReadAction","target":["https:\/\/www.berkcan.com\/index.php\/iletisim\/"]}]},{"@type":"BreadcrumbList","@id":"https:\/\/www.berkcan.com\/index.php\/iletisim\/#breadcrumb","itemListElement":[{"@type":"ListItem","position":1,"name":"Anasayfa","item":"https:\/\/www.berkcan.com\/"},{"@type":"ListItem","position":2,"name":"\u0130leti\u015fim Bilgileri"}]},{"@type":"WebSite","@id":"https:\/\/www.berkcan.com\/#website","url":"https:\/\/www.berkcan.com\/","name":"Ayd\u0131n Akademi Bilgisayar Kursu","description":"Ankara MEB Onayl\u0131 Sertifika Merkezi, 34 Y\u0131ld\u0131r Hizmetinizdeyiz","publisher":{"@id":"https:\/\/www.berkcan.com\/#organization"},"potentialAction":[{"@type":"SearchAction","target":{"@type":"EntryPoint","urlTemplate":"https:\/\/www.berkcan.com\/?s={search_term_string}"},"query-input":"required name=search_term_string"}],"inLanguage":"tr"},{"@type":"Organization","@id":"https:\/\/www.berkcan.com\/#organization","name":"Ayd\u0131n Akademi Bilgisayar Kursu","url":"https:\/\/www.berkcan.com\/","logo":{"@type":"ImageObject","inLanguage":"tr","@id":"https:\/\/www.berkcan.com\/#\/schema\/logo\/image\/","url":"https:\/\/www.berkcan.com\/wp-content\/uploads\/2023\/03\/logo.png","contentUrl":"https:\/\/www.berkcan.com\/wp-content\/uploads\/2023\/03\/logo.png","width":300,"height":300,"caption":"Ayd\u0131n  Akademi Bilgisayar Kursu"},"image":{"@id":"https:\/\/www.berkcan.com\/#\/schema\/logo\/image\/"},"sameAs":["https:\/\/www.facebook.com\/people\/Ahmet-Aydnalp\/560469077\/","https:\/\/www.youtube.com\/c\/ahmetaydinalp","https:\/\/www.instagram.com\/aydinakademi_06\/"]}]}},"_links":{"self":[{"href":"https:\/\/www.berkcan.com\/index.php\/wp-json\/wp\/v2\/pages\/15","targetHints":{"allow":["GET"]}}],"collection":[{"href":"https:\/\/www.berkcan.com\/index.php\/wp-json\/wp\/v2\/pages"}],"about":[{"href":"https:\/\/www.berkcan.com\/index.php\/wp-json\/wp\/v2\/types\/page"}],"author":[{"embeddable":true,"href":"https:\/\/www.berkcan.com\/index.php\/wp-json\/wp\/v2\/users\/1"}],"replies":[{"embeddable":true,"href":"https:\/\/www.berkcan.com\/index.php\/wp-json\/wp\/v2\/comments?post=15"}],"version-history":[{"count":30,"href":"https:\/\/www.berkcan.com\/index.php\/wp-json\/wp\/v2\/pages\/15\/revisions"}],"predecessor-version":[{"id":381,"href":"https:\/\/www.berkcan.com\/index.php\/wp-json\/wp\/v2\/pages\/15\/revisions\/381"}],"wp:attachment":[{"href":"https:\/\/www.berkcan.com\/index.php\/wp-json\/wp\/v2\/media?parent=15"}],"curies":[{"name":"wp","href":"https:\/\/api.w.org\/{rel}","templated":true}]}}