{"id":1255,"date":"2021-11-27T22:42:30","date_gmt":"2021-11-27T22:42:30","guid":{"rendered":"https:\/\/plumber-gp.wordifysites.com\/?page_id=37"},"modified":"2026-05-04T18:03:20","modified_gmt":"2026-05-04T18:03:20","slug":"contact","status":"publish","type":"page","link":"https:\/\/www.berkcan.com\/index.php\/contact\/","title":{"rendered":"Contact"},"content":{"rendered":"\n<section class=\"gb-element-567477df\">\n<div class=\"gb-element-2654fe9b\" style=\"--inline-bg-image: url(https:\/\/www.berkcan.com\/wp-content\/uploads\/2021\/11\/mika-baumeister-HUyICL8qbEE-unsplash.jpg)\"><\/div>\n\n\n\n<div class=\"gb-element-a8fa95b4\">\n<p class=\"gb-text gb-text-22cb1e8e\">Please fill the form below<\/p>\n\n\n\n<p class=\"gb-text gb-text-d14ab5f0\">Any questions or suggestions?<\/p>\n\n\n\n<p class=\"gb-text gb-text-e4b849be\">[Insert your contact form here]<\/p>\n<\/div>\n<\/section>\n\n\n\n<section class=\"gb-element-32ab75bf\">\n<div class=\"gb-element-3d3233c4\">\n<p class=\"gb-text gb-text-dc3b5ef1\">Address<\/p>\n\n\n\n<h2 class=\"gb-text\">Visit our <mark class=\"gb-highlight\"><mark style=\"background-color:rgba(0, 0, 0, 0)\" class=\"has-inline-color has-accent-color\">office<\/mark><\/mark><\/h2>\n\n\n\n<p class=\"gb-text gb-text-99fc3b51\">Etiam tincidunt ex a pulvinar facilisis. Donec elementum tristique gravida. Sed ac est nunc. Etiam at ipsum erat. <\/p>\n\n\n\n<p class=\"gb-text-ac6f9023\"><span class=\"gb-shape\"><svg aria-hidden=\"true\" height=\"1em\" width=\"1em\" viewBox=\"0 0 512 512\" xmlns=\"http:\/\/www.w3.org\/2000\/svg\"><path fill=\"currentColor\" d=\"M493.4 24.6l-104-24c-11.3-2.6-22.9 3.3-27.5 13.9l-48 112c-4.2 9.8-1.4 21.3 6.9 28l60.6 49.6c-36 76.7-98.9 140.5-177.2 177.2l-49.6-60.6c-6.8-8.3-18.2-11.1-28-6.9l-112 48C3.9 366.5-2 378.1.6 389.4l24 104C27.1 504.2 36.7 512 48 512c256.1 0 464-207.5 464-464 0-11.2-7.7-20.9-18.6-23.4z\"><\/path><\/svg><\/span><span class=\"gb-text\"><a href=\"tel:+44 222 444 1122\">11 Vancouver Street, London<\/a><\/span><\/p>\n\n\n\n<p class=\"gb-text-10ba2a0b\"><span class=\"gb-shape\"><svg aria-hidden=\"true\" height=\"1em\" width=\"1em\" viewBox=\"0 0 512 512\" xmlns=\"http:\/\/www.w3.org\/2000\/svg\"><path fill=\"currentColor\" d=\"M493.4 24.6l-104-24c-11.3-2.6-22.9 3.3-27.5 13.9l-48 112c-4.2 9.8-1.4 21.3 6.9 28l60.6 49.6c-36 76.7-98.9 140.5-177.2 177.2l-49.6-60.6c-6.8-8.3-18.2-11.1-28-6.9l-112 48C3.9 366.5-2 378.1.6 389.4l24 104C27.1 504.2 36.7 512 48 512c256.1 0 464-207.5 464-464 0-11.2-7.7-20.9-18.6-23.4z\"><\/path><\/svg><\/span><span class=\"gb-text\"><a href=\"tel:+44 222 444 1122\">+44 222 444 1122<\/a><\/span><\/p>\n\n\n\n<p class=\"gb-text-fdc5b459\"><span class=\"gb-shape\"><svg aria-hidden=\"true\" height=\"1em\" width=\"1em\" viewBox=\"0 0 512 512\" xmlns=\"http:\/\/www.w3.org\/2000\/svg\"><path fill=\"currentColor\" d=\"M464 64H48C21.49 64 0 85.49 0 112v288c0 26.51 21.49 48 48 48h416c26.51 0 48-21.49 48-48V112c0-26.51-21.49-48-48-48zm0 48v40.805c-22.422 18.259-58.168 46.651-134.587 106.49-16.841 13.247-50.201 45.072-73.413 44.701-23.208.375-56.579-31.459-73.413-44.701C106.18 199.465 70.425 171.067 48 152.805V112h416zM48 400V214.398c22.914 18.251 55.409 43.862 104.938 82.646 21.857 17.205 60.134 55.186 103.062 54.955 42.717.231 80.509-37.199 103.053-54.947 49.528-38.783 82.032-64.401 104.947-82.653V400H48z\"><\/path><\/svg><\/span><span class=\"gb-text\"><a href=\"mailto:hello@plumber.com\">hello@plumber.com<\/a><\/span><\/p>\n\n\n\n<div class=\"gb-element-2e2ca756\">\n<a class=\"gb-text-f8070372\" href=\"#\" aria-label=\"Follow us on LinkedIn\"><span class=\"gb-shape\"><svg xmlns=\"http:\/\/www.w3.org\/2000\/svg\" viewBox=\"0 0 448 512\" width=\"1em\" height=\"1em\" aria-hidden=\"true\"><path d=\"M100.28 448H7.4V148.9h92.88zM53.79 108.1C24.09 108.1 0 83.5 0 53.8a53.79 53.79 0 0 1 107.58 0c0 29.7-24.1 54.3-53.79 54.3zM447.9 448h-92.68V302.4c0-34.7-.7-79.2-48.29-79.2-48.29 0-55.69 37.7-55.69 76.7V448h-92.78V148.9h89.08v40.8h1.3c12.4-23.5 42.69-48.3 87.88-48.3 94 0 111.28 61.9 111.28 142.3V448z\" fill=\"currentColor\"><\/path><\/svg><\/span><\/a>\n\n\n\n<a class=\"gb-text-fbddcc95\" href=\"#\" aria-label=\"Follow us on X\"><span class=\"gb-shape\"><svg aria-hidden=\"true\" role=\"img\" height=\"1em\" width=\"1em\" viewBox=\"0 0 512 512\" xmlns=\"http:\/\/www.w3.org\/2000\/svg\"><path fill=\"currentColor\" d=\"M389.2 48h70.6L305.6 224.2 487 464H345L233.7 318.6 106.5 464H35.8L200.7 275.5 26.8 48H172.4L272.9 180.9 389.2 48zM364.4 421.8h39.1L151.1 88h-42L364.4 421.8z\"><\/path><\/svg><\/span><\/a>\n\n\n\n<a class=\"gb-text-9c494c7e\" href=\"#\" aria-label=\"Follow us on YouTube\"><span class=\"gb-shape\"><svg aria-hidden=\"true\" height=\"1em\" width=\"1em\" viewBox=\"0 0 576 512\" xmlns=\"http:\/\/www.w3.org\/2000\/svg\"><path fill=\"currentColor\" d=\"M549.655 124.083c-6.281-23.65-24.787-42.276-48.284-48.597C458.781 64 288 64 288 64S117.22 64 74.629 75.486c-23.497 6.322-42.003 24.947-48.284 48.597-11.412 42.867-11.412 132.305-11.412 132.305s0 89.438 11.412 132.305c6.281 23.65 24.787 41.5 48.284 47.821C117.22 448 288 448 288 448s170.78 0 213.371-11.486c23.497-6.321 42.003-24.171 48.284-47.821 11.412-42.867 11.412-132.305 11.412-132.305s0-89.438-11.412-132.305zm-317.51 213.508V175.185l142.739 81.205-142.739 81.201z\"><\/path><\/svg><\/span><\/a>\n\n\n\n<a class=\"gb-text-a6b45328\" href=\"#\" aria-label=\"Follow us on Pinterest\"><span class=\"gb-shape\"><svg aria-hidden=\"true\" height=\"1em\" width=\"1em\" viewBox=\"0 0 384 512\" xmlns=\"http:\/\/www.w3.org\/2000\/svg\"><path fill=\"currentColor\" d=\"M204 6.5C101.4 6.5 0 74.9 0 185.6 0 256 39.6 296 63.6 296c9.9 0 15.6-27.6 15.6-35.4 0-9.3-23.7-29.1-23.7-67.8 0-80.4 61.2-137.4 140.4-137.4 68.1 0 118.5 38.7 118.5 109.8 0 53.1-21.3 152.7-90.3 152.7-24.9 0-46.2-18-46.2-43.8 0-37.8 26.4-74.4 26.4-113.4 0-66.2-93.9-54.2-93.9 25.8 0 16.8 2.1 35.4 9.6 50.7-13.8 59.4-42 147.9-42 209.1 0 18.9 2.7 37.5 4.5 56.4 3.4 3.8 1.7 3.4 6.9 1.5 50.4-69 48.6-82.5 71.4-172.8 12.3 23.4 44.1 36 69.3 36 106.2 0 153.9-103.5 153.9-196.8C384 71.3 298.2 6.5 204 6.5z\"><\/path><\/svg><\/span><\/a>\n<\/div>\n<\/div>\n\n\n\n<div class=\"gb-element-ed15682b\">\n<img loading=\"lazy\" decoding=\"async\" width=\"1024\" height=\"541\" class=\"gb-media-c71921b8\" src=\"https:\/\/sites.generatepress.com\/plumber\/wp-content\/uploads\/sites\/117\/2023\/03\/map-1024x541.jpg\" title=\"map\" srcset=\"https:\/\/www.berkcan.com\/wp-content\/uploads\/2023\/03\/map-1024x541.jpg 1024w, https:\/\/www.berkcan.com\/wp-content\/uploads\/2023\/03\/map-300x158.jpg 300w, https:\/\/www.berkcan.com\/wp-content\/uploads\/2023\/03\/map-768x406.jpg 768w, https:\/\/www.berkcan.com\/wp-content\/uploads\/2023\/03\/map-1536x811.jpg 1536w, https:\/\/www.berkcan.com\/wp-content\/uploads\/2023\/03\/map.jpg 1980w\" sizes=\"auto, (max-width: 1024px) 100vw, 1024px\" \/>\n<\/div>\n<\/section>\n","protected":false},"excerpt":{"rendered":"<p>Please fill the form below Any questions or suggestions? [Insert your contact form here] Address Visit our office Etiam tincidunt ex a pulvinar facilisis. Donec elementum tristique gravida. Sed ac est nunc. Etiam at ipsum erat. 11 Vancouver Street, London +44 222 444 1122 hello@plumber.com<\/p>\n","protected":false},"author":0,"featured_media":0,"parent":0,"menu_order":0,"comment_status":"closed","ping_status":"closed","template":"","meta":{"footnotes":""},"class_list":["post-1255","page","type-page","status-publish"],"yoast_head":"<!-- This site is optimized with the Yoast SEO plugin v20.3 - https:\/\/yoast.com\/wordpress\/plugins\/seo\/ -->\n<title>Contact - Ankara Bilgisayar Kursu<\/title>\n<meta name=\"robots\" content=\"index, follow, max-snippet:-1, max-image-preview:large, max-video-preview:-1\" \/>\n<link rel=\"canonical\" href=\"https:\/\/www.berkcan.com\/index.php\/contact\/\" \/>\n<meta property=\"og:locale\" content=\"tr_TR\" \/>\n<meta property=\"og:type\" content=\"article\" \/>\n<meta property=\"og:title\" content=\"Contact - Ankara Bilgisayar Kursu\" \/>\n<meta property=\"og:description\" content=\"Please fill the form below Any questions or suggestions? [Insert your contact form here] Address Visit our office Etiam tincidunt ex a pulvinar facilisis. Donec elementum tristique gravida. Sed ac est nunc. Etiam at ipsum erat. 11 Vancouver Street, London +44 222 444 1122 hello@plumber.com\" \/>\n<meta property=\"og:url\" content=\"https:\/\/www.berkcan.com\/index.php\/contact\/\" \/>\n<meta property=\"og:site_name\" content=\"Ankara Bilgisayar Kursu\" \/>\n<meta property=\"article:publisher\" content=\"https:\/\/www.facebook.com\/people\/Ahmet-Aydnalp\/560469077\/\" \/>\n<meta property=\"article:modified_time\" content=\"2026-05-04T18:03:20+00:00\" \/>\n<meta property=\"og:image\" content=\"https:\/\/sites.generatepress.com\/plumber\/wp-content\/uploads\/sites\/117\/2023\/03\/map-1024x541.jpg\" \/>\n<meta name=\"twitter:card\" content=\"summary_large_image\" \/>\n<script type=\"application\/ld+json\" class=\"yoast-schema-graph\">{\"@context\":\"https:\/\/schema.org\",\"@graph\":[{\"@type\":\"WebPage\",\"@id\":\"https:\/\/www.berkcan.com\/index.php\/contact\/\",\"url\":\"https:\/\/www.berkcan.com\/index.php\/contact\/\",\"name\":\"Contact - Ankara Bilgisayar Kursu\",\"isPartOf\":{\"@id\":\"https:\/\/www.berkcan.com\/#website\"},\"datePublished\":\"2021-11-27T22:42:30+00:00\",\"dateModified\":\"2026-05-04T18:03:20+00:00\",\"breadcrumb\":{\"@id\":\"https:\/\/www.berkcan.com\/index.php\/contact\/#breadcrumb\"},\"inLanguage\":\"tr\",\"potentialAction\":[{\"@type\":\"ReadAction\",\"target\":[\"https:\/\/www.berkcan.com\/index.php\/contact\/\"]}]},{\"@type\":\"BreadcrumbList\",\"@id\":\"https:\/\/www.berkcan.com\/index.php\/contact\/#breadcrumb\",\"itemListElement\":[{\"@type\":\"ListItem\",\"position\":1,\"name\":\"Anasayfa\",\"item\":\"https:\/\/www.berkcan.com\/\"},{\"@type\":\"ListItem\",\"position\":2,\"name\":\"Contact\"}]},{\"@type\":\"WebSite\",\"@id\":\"https:\/\/www.berkcan.com\/#website\",\"url\":\"https:\/\/www.berkcan.com\/\",\"name\":\"Ankara Bilgisayar Kursu\",\"description\":\"Ankara MEB Onayl\u0131 Sertifika Merkezi, 37 Y\u0131ld\u0131r Hizmetinizdeyiz\",\"potentialAction\":[{\"@type\":\"SearchAction\",\"target\":{\"@type\":\"EntryPoint\",\"urlTemplate\":\"https:\/\/www.berkcan.com\/?s={search_term_string}\"},\"query-input\":\"required name=search_term_string\"}],\"inLanguage\":\"tr\"}]}<\/script>\n<!-- \/ Yoast SEO plugin. -->","yoast_head_json":{"title":"Contact - Ankara Bilgisayar Kursu","robots":{"index":"index","follow":"follow","max-snippet":"max-snippet:-1","max-image-preview":"max-image-preview:large","max-video-preview":"max-video-preview:-1"},"canonical":"https:\/\/www.berkcan.com\/index.php\/contact\/","og_locale":"tr_TR","og_type":"article","og_title":"Contact - Ankara Bilgisayar Kursu","og_description":"Please fill the form below Any questions or suggestions? [Insert your contact form here] Address Visit our office Etiam tincidunt ex a pulvinar facilisis. Donec elementum tristique gravida. Sed ac est nunc. Etiam at ipsum erat. 11 Vancouver Street, London +44 222 444 1122 hello@plumber.com","og_url":"https:\/\/www.berkcan.com\/index.php\/contact\/","og_site_name":"Ankara Bilgisayar Kursu","article_publisher":"https:\/\/www.facebook.com\/people\/Ahmet-Aydnalp\/560469077\/","article_modified_time":"2026-05-04T18:03:20+00:00","og_image":[{"url":"https:\/\/sites.generatepress.com\/plumber\/wp-content\/uploads\/sites\/117\/2023\/03\/map-1024x541.jpg"}],"twitter_card":"summary_large_image","schema":{"@context":"https:\/\/schema.org","@graph":[{"@type":"WebPage","@id":"https:\/\/www.berkcan.com\/index.php\/contact\/","url":"https:\/\/www.berkcan.com\/index.php\/contact\/","name":"Contact - Ankara Bilgisayar Kursu","isPartOf":{"@id":"https:\/\/www.berkcan.com\/#website"},"datePublished":"2021-11-27T22:42:30+00:00","dateModified":"2026-05-04T18:03:20+00:00","breadcrumb":{"@id":"https:\/\/www.berkcan.com\/index.php\/contact\/#breadcrumb"},"inLanguage":"tr","potentialAction":[{"@type":"ReadAction","target":["https:\/\/www.berkcan.com\/index.php\/contact\/"]}]},{"@type":"BreadcrumbList","@id":"https:\/\/www.berkcan.com\/index.php\/contact\/#breadcrumb","itemListElement":[{"@type":"ListItem","position":1,"name":"Anasayfa","item":"https:\/\/www.berkcan.com\/"},{"@type":"ListItem","position":2,"name":"Contact"}]},{"@type":"WebSite","@id":"https:\/\/www.berkcan.com\/#website","url":"https:\/\/www.berkcan.com\/","name":"Ankara Bilgisayar Kursu","description":"Ankara MEB Onayl\u0131 Sertifika Merkezi, 37 Y\u0131ld\u0131r Hizmetinizdeyiz","potentialAction":[{"@type":"SearchAction","target":{"@type":"EntryPoint","urlTemplate":"https:\/\/www.berkcan.com\/?s={search_term_string}"},"query-input":"required name=search_term_string"}],"inLanguage":"tr"}]}},"_links":{"self":[{"href":"https:\/\/www.berkcan.com\/index.php\/wp-json\/wp\/v2\/pages\/1255","targetHints":{"allow":["GET"]}}],"collection":[{"href":"https:\/\/www.berkcan.com\/index.php\/wp-json\/wp\/v2\/pages"}],"about":[{"href":"https:\/\/www.berkcan.com\/index.php\/wp-json\/wp\/v2\/types\/page"}],"replies":[{"embeddable":true,"href":"https:\/\/www.berkcan.com\/index.php\/wp-json\/wp\/v2\/comments?post=1255"}],"version-history":[{"count":1,"href":"https:\/\/www.berkcan.com\/index.php\/wp-json\/wp\/v2\/pages\/1255\/revisions"}],"predecessor-version":[{"id":1262,"href":"https:\/\/www.berkcan.com\/index.php\/wp-json\/wp\/v2\/pages\/1255\/revisions\/1262"}],"wp:attachment":[{"href":"https:\/\/www.berkcan.com\/index.php\/wp-json\/wp\/v2\/media?parent=1255"}],"curies":[{"name":"wp","href":"https:\/\/api.w.org\/{rel}","templated":true}]}}