{"id":1254,"date":"2021-11-27T22:42:14","date_gmt":"2021-11-27T22:42:14","guid":{"rendered":"https:\/\/plumber-gp.wordifysites.com\/?page_id=35"},"modified":"2021-11-27T22:42:14","modified_gmt":"2021-11-27T22:42:14","slug":"testimonials","status":"publish","type":"page","link":"https:\/\/www.berkcan.com\/index.php\/testimonials\/","title":{"rendered":"Testimonials"},"content":{"rendered":"\n<section class=\"gb-element-f4167666\">\n<h2 class=\"gb-text-5598c7bc\"><span class=\"gb-shape\"><svg xmlns=\"http:\/\/www.w3.org\/2000\/svg\" width=\"16\" height=\"16\" class=\"bi bi-dash\" viewBox=\"0 0 16 16\">   <path d=\"M4 8a.5.5 0 0 1 .5-.5h7a.5.5 0 0 1 0 1h-7A.5.5 0 0 1 4 8z\"><\/path> <\/svg><\/span><span class=\"gb-text\">You will be happy with our work<\/span><\/h2>\n\n\n\n<p class=\"gb-text gb-text-8d0aa5af\"><em>What our clients say&#8230;<\/em><\/p>\n\n\n\n<div class=\"gb-element-14efac3b testimonials\">\n<div>\n<p class=\"gb-text gb-text-94006323\">Sed aliquet magna odio. Ut et ex in lorem volutpat malesuada. Sed egestas dui eget imperdiet tempor. Nullam nec diam enim. Nunc non dui eleifend, sagittis dolor sed, consequat ante. Sed vel ligula gravida, elementum dui ac, rhoncus odio.<\/p>\n\n\n\n<div class=\"gb-text-04091d1f\"><span class=\"gb-shape\"><svg xmlns=\"http:\/\/www.w3.org\/2000\/svg\" viewBox=\"0 0 16 16\"><path fill=\"none\" d=\"M0 0h16v16H0z\"><\/path><path d=\"M8 13 0 5h16z\"><\/path><\/svg><\/span><\/div>\n\n\n\n<div class=\"gb-element-004847c7\">\n<img decoding=\"async\" class=\"gb-media-0f356467 is-style-rounded\" src=\"https:\/\/library.generateblocks.com\/wp-content\/uploads\/2020\/07\/testimonial-2.jpg\"\/>\n\n\n\n<div>\n<h3 class=\"gb-text gb-text-c969e577\">Lisa D.<\/h3>\n\n\n\n<p class=\"gb-text gb-text-7aa457bc\">Client<\/p>\n<\/div>\n<\/div>\n<\/div>\n\n\n\n<div>\n<p class=\"gb-text gb-text-95a211e6\">Sed aliquet magna odio. Ut et ex in lorem volutpat malesuada. Sed egestas dui eget imperdiet tempor. Nullam nec diam enim. Nunc non dui eleifend, sagittis dolor sed, consequat ante. Sed vel ligula gravida, elementum dui ac, rhoncus odio.<\/p>\n\n\n\n<div class=\"gb-text-e476a68a\"><span class=\"gb-shape\"><svg xmlns=\"http:\/\/www.w3.org\/2000\/svg\" viewBox=\"0 0 16 16\"><path fill=\"none\" d=\"M0 0h16v16H0z\"><\/path><path d=\"M8 13 0 5h16z\"><\/path><\/svg><\/span><\/div>\n\n\n\n<div class=\"gb-element-606db268\">\n<img decoding=\"async\" class=\"gb-media-989eafbc is-style-rounded\" src=\"https:\/\/library.generateblocks.com\/wp-content\/uploads\/2020\/07\/test-2.jpg\"\/>\n\n\n\n<div>\n<h3 class=\"gb-text gb-text-396071de\">Hanna A.<\/h3>\n\n\n\n<p class=\"gb-text gb-text-1b94247b\">Client<\/p>\n<\/div>\n<\/div>\n<\/div>\n\n\n\n<div>\n<p class=\"gb-text gb-text-464eb1d7\">Sed aliquet magna odio. Ut et ex in lorem volutpat malesuada. Sed egestas dui eget imperdiet tempor. Nullam nec diam enim. Nunc non dui eleifend, sagittis dolor sed, consequat ante. Sed vel ligula gravida, elementum dui ac, rhoncus odio.<\/p>\n\n\n\n<div class=\"gb-text-5a93b49e\"><span class=\"gb-shape\"><svg xmlns=\"http:\/\/www.w3.org\/2000\/svg\" viewBox=\"0 0 16 16\"><path fill=\"none\" d=\"M0 0h16v16H0z\"><\/path><path d=\"M8 13 0 5h16z\"><\/path><\/svg><\/span><\/div>\n\n\n\n<div class=\"gb-element-953f7149\">\n<img decoding=\"async\" class=\"gb-media-428b6424 is-style-rounded\" src=\"https:\/\/library.generateblocks.com\/wp-content\/uploads\/2020\/07\/test-3.jpg\"\/>\n\n\n\n<div>\n<h3 class=\"gb-text gb-text-dc53f2c3\">Andrew R.<\/h3>\n\n\n\n<p class=\"gb-text gb-text-e2ccd476\">Client<\/p>\n<\/div>\n<\/div>\n<\/div>\n\n\n\n<div>\n<p class=\"gb-text gb-text-746bd9f3\">Sed aliquet magna odio. Ut et ex in lorem volutpat malesuada. Sed egestas dui eget imperdiet tempor. Nullam nec diam enim. Nunc non dui eleifend, sagittis dolor sed, consequat ante. Sed vel ligula gravida, elementum dui ac, rhoncus odio.<\/p>\n\n\n\n<div class=\"gb-text-8e43496e\"><span class=\"gb-shape\"><svg xmlns=\"http:\/\/www.w3.org\/2000\/svg\" viewBox=\"0 0 16 16\"><path fill=\"none\" d=\"M0 0h16v16H0z\"><\/path><path d=\"M8 13 0 5h16z\"><\/path><\/svg><\/span><\/div>\n\n\n\n<div class=\"gb-element-76787d73\">\n<img decoding=\"async\" class=\"gb-media-e0290af5 is-style-rounded\" src=\"https:\/\/library.generateblocks.com\/wp-content\/uploads\/2020\/07\/test-1.jpg\"\/>\n\n\n\n<div>\n<h3 class=\"gb-text gb-text-8b0367f8\">Amir S.<\/h3>\n\n\n\n<p class=\"gb-text gb-text-58dc154d\">Client<\/p>\n<\/div>\n<\/div>\n<\/div>\n\n\n\n<div>\n<p class=\"gb-text gb-text-cff5eeb4\">Sed aliquet magna odio. Ut et ex in lorem volutpat malesuada. Sed egestas dui eget imperdiet tempor. Nullam nec diam enim. Nunc non dui eleifend, sagittis dolor sed, consequat ante. Sed vel ligula gravida, elementum dui ac, rhoncus odio.<\/p>\n\n\n\n<div class=\"gb-text-575dad58\"><span class=\"gb-shape\"><svg xmlns=\"http:\/\/www.w3.org\/2000\/svg\" viewBox=\"0 0 16 16\"><path fill=\"none\" d=\"M0 0h16v16H0z\"><\/path><path d=\"M8 13 0 5h16z\"><\/path><\/svg><\/span><\/div>\n\n\n\n<div class=\"gb-element-28cb789a\">\n<img decoding=\"async\" class=\"gb-media-80a7fa7c is-style-rounded\" src=\"https:\/\/library.generateblocks.com\/wp-content\/uploads\/2020\/07\/test-7.jpg\"\/>\n\n\n\n<div>\n<h3 class=\"gb-text gb-text-1efc4ca4\">Sean M.<\/h3>\n\n\n\n<p class=\"gb-text gb-text-25e799a6\">Client<\/p>\n<\/div>\n<\/div>\n<\/div>\n\n\n\n<div>\n<p class=\"gb-text gb-text-e117c1f9\">Sed aliquet magna odio. Ut et ex in lorem volutpat malesuada. Sed egestas dui eget imperdiet tempor. Nullam nec diam enim. Nunc non dui eleifend, sagittis dolor sed, consequat ante. Sed vel ligula gravida, elementum dui ac, rhoncus odio.<\/p>\n\n\n\n<div class=\"gb-text-4fc2472a\"><span class=\"gb-shape\"><svg xmlns=\"http:\/\/www.w3.org\/2000\/svg\" viewBox=\"0 0 16 16\"><path fill=\"none\" d=\"M0 0h16v16H0z\"><\/path><path d=\"M8 13 0 5h16z\"><\/path><\/svg><\/span><\/div>\n\n\n\n<div class=\"gb-element-3c45001a\">\n<img decoding=\"async\" class=\"gb-media-00c7947c is-style-rounded\" src=\"https:\/\/library.generateblocks.com\/wp-content\/uploads\/2020\/07\/test-6.jpg\"\/>\n\n\n\n<div>\n<h3 class=\"gb-text gb-text-0786f596\">Susan B.<\/h3>\n\n\n\n<p class=\"gb-text gb-text-ebb52694\">Client<\/p>\n<\/div>\n<\/div>\n<\/div>\n<\/div>\n<\/section>\n\n\n\n<p><\/p>\n","protected":false},"excerpt":{"rendered":"<p>You will be happy with our work What our clients say&#8230; Sed aliquet magna odio. Ut et ex in lorem volutpat malesuada. Sed egestas dui eget imperdiet tempor. Nullam nec diam enim. Nunc non dui eleifend, sagittis dolor sed, consequat ante. Sed vel ligula gravida, elementum dui ac, rhoncus odio. Lisa D. Client Sed aliquet &#8230; <a title=\"Testimonials\" class=\"read-more\" href=\"https:\/\/www.berkcan.com\/index.php\/testimonials\/\" aria-label=\"Read more about Testimonials\">Read more<\/a><\/p>\n","protected":false},"author":0,"featured_media":0,"parent":0,"menu_order":0,"comment_status":"closed","ping_status":"closed","template":"","meta":{"footnotes":""},"class_list":["post-1254","page","type-page","status-publish"],"yoast_head":"<!-- This site is optimized with the Yoast SEO plugin v20.3 - https:\/\/yoast.com\/wordpress\/plugins\/seo\/ -->\n<title>Testimonials - Ankara Bilgisayar Kursu<\/title>\n<meta name=\"robots\" content=\"index, follow, max-snippet:-1, max-image-preview:large, max-video-preview:-1\" \/>\n<link rel=\"canonical\" href=\"https:\/\/www.berkcan.com\/index.php\/testimonials\/\" \/>\n<meta property=\"og:locale\" content=\"tr_TR\" \/>\n<meta property=\"og:type\" content=\"article\" \/>\n<meta property=\"og:title\" content=\"Testimonials - Ankara Bilgisayar Kursu\" \/>\n<meta property=\"og:description\" content=\"You will be happy with our work What our clients say&#8230; Sed aliquet magna odio. Ut et ex in lorem volutpat malesuada. Sed egestas dui eget imperdiet tempor. Nullam nec diam enim. Nunc non dui eleifend, sagittis dolor sed, consequat ante. Sed vel ligula gravida, elementum dui ac, rhoncus odio. Lisa D. Client Sed aliquet ... Read more\" \/>\n<meta property=\"og:url\" content=\"https:\/\/www.berkcan.com\/index.php\/testimonials\/\" \/>\n<meta property=\"og:site_name\" content=\"Ankara Bilgisayar Kursu\" \/>\n<meta property=\"article:publisher\" content=\"https:\/\/www.facebook.com\/people\/Ahmet-Aydnalp\/560469077\/\" \/>\n<meta property=\"og:image\" content=\"https:\/\/library.generateblocks.com\/wp-content\/uploads\/2020\/07\/testimonial-2.jpg\" \/>\n<meta name=\"twitter:card\" content=\"summary_large_image\" \/>\n<meta name=\"twitter:label1\" content=\"Tahmini okuma s\u00fcresi\" \/>\n\t<meta name=\"twitter:data1\" content=\"1 dakika\" \/>\n<script type=\"application\/ld+json\" class=\"yoast-schema-graph\">{\"@context\":\"https:\/\/schema.org\",\"@graph\":[{\"@type\":\"WebPage\",\"@id\":\"https:\/\/www.berkcan.com\/index.php\/testimonials\/\",\"url\":\"https:\/\/www.berkcan.com\/index.php\/testimonials\/\",\"name\":\"Testimonials - Ankara Bilgisayar Kursu\",\"isPartOf\":{\"@id\":\"https:\/\/www.berkcan.com\/#website\"},\"datePublished\":\"2021-11-27T22:42:14+00:00\",\"dateModified\":\"2021-11-27T22:42:14+00:00\",\"breadcrumb\":{\"@id\":\"https:\/\/www.berkcan.com\/index.php\/testimonials\/#breadcrumb\"},\"inLanguage\":\"tr\",\"potentialAction\":[{\"@type\":\"ReadAction\",\"target\":[\"https:\/\/www.berkcan.com\/index.php\/testimonials\/\"]}]},{\"@type\":\"BreadcrumbList\",\"@id\":\"https:\/\/www.berkcan.com\/index.php\/testimonials\/#breadcrumb\",\"itemListElement\":[{\"@type\":\"ListItem\",\"position\":1,\"name\":\"Anasayfa\",\"item\":\"https:\/\/www.berkcan.com\/\"},{\"@type\":\"ListItem\",\"position\":2,\"name\":\"Testimonials\"}]},{\"@type\":\"WebSite\",\"@id\":\"https:\/\/www.berkcan.com\/#website\",\"url\":\"https:\/\/www.berkcan.com\/\",\"name\":\"Ankara Bilgisayar Kursu\",\"description\":\"Ankara MEB Onayl\u0131 Sertifika Merkezi, 37 Y\u0131ld\u0131r Hizmetinizdeyiz\",\"potentialAction\":[{\"@type\":\"SearchAction\",\"target\":{\"@type\":\"EntryPoint\",\"urlTemplate\":\"https:\/\/www.berkcan.com\/?s={search_term_string}\"},\"query-input\":\"required name=search_term_string\"}],\"inLanguage\":\"tr\"}]}<\/script>\n<!-- \/ Yoast SEO plugin. -->","yoast_head_json":{"title":"Testimonials - Ankara Bilgisayar Kursu","robots":{"index":"index","follow":"follow","max-snippet":"max-snippet:-1","max-image-preview":"max-image-preview:large","max-video-preview":"max-video-preview:-1"},"canonical":"https:\/\/www.berkcan.com\/index.php\/testimonials\/","og_locale":"tr_TR","og_type":"article","og_title":"Testimonials - Ankara Bilgisayar Kursu","og_description":"You will be happy with our work What our clients say&#8230; Sed aliquet magna odio. Ut et ex in lorem volutpat malesuada. Sed egestas dui eget imperdiet tempor. Nullam nec diam enim. Nunc non dui eleifend, sagittis dolor sed, consequat ante. Sed vel ligula gravida, elementum dui ac, rhoncus odio. Lisa D. Client Sed aliquet ... Read more","og_url":"https:\/\/www.berkcan.com\/index.php\/testimonials\/","og_site_name":"Ankara Bilgisayar Kursu","article_publisher":"https:\/\/www.facebook.com\/people\/Ahmet-Aydnalp\/560469077\/","og_image":[{"url":"https:\/\/library.generateblocks.com\/wp-content\/uploads\/2020\/07\/testimonial-2.jpg"}],"twitter_card":"summary_large_image","twitter_misc":{"Tahmini okuma s\u00fcresi":"1 dakika"},"schema":{"@context":"https:\/\/schema.org","@graph":[{"@type":"WebPage","@id":"https:\/\/www.berkcan.com\/index.php\/testimonials\/","url":"https:\/\/www.berkcan.com\/index.php\/testimonials\/","name":"Testimonials - Ankara Bilgisayar Kursu","isPartOf":{"@id":"https:\/\/www.berkcan.com\/#website"},"datePublished":"2021-11-27T22:42:14+00:00","dateModified":"2021-11-27T22:42:14+00:00","breadcrumb":{"@id":"https:\/\/www.berkcan.com\/index.php\/testimonials\/#breadcrumb"},"inLanguage":"tr","potentialAction":[{"@type":"ReadAction","target":["https:\/\/www.berkcan.com\/index.php\/testimonials\/"]}]},{"@type":"BreadcrumbList","@id":"https:\/\/www.berkcan.com\/index.php\/testimonials\/#breadcrumb","itemListElement":[{"@type":"ListItem","position":1,"name":"Anasayfa","item":"https:\/\/www.berkcan.com\/"},{"@type":"ListItem","position":2,"name":"Testimonials"}]},{"@type":"WebSite","@id":"https:\/\/www.berkcan.com\/#website","url":"https:\/\/www.berkcan.com\/","name":"Ankara Bilgisayar Kursu","description":"Ankara MEB Onayl\u0131 Sertifika Merkezi, 37 Y\u0131ld\u0131r Hizmetinizdeyiz","potentialAction":[{"@type":"SearchAction","target":{"@type":"EntryPoint","urlTemplate":"https:\/\/www.berkcan.com\/?s={search_term_string}"},"query-input":"required name=search_term_string"}],"inLanguage":"tr"}]}},"_links":{"self":[{"href":"https:\/\/www.berkcan.com\/index.php\/wp-json\/wp\/v2\/pages\/1254","targetHints":{"allow":["GET"]}}],"collection":[{"href":"https:\/\/www.berkcan.com\/index.php\/wp-json\/wp\/v2\/pages"}],"about":[{"href":"https:\/\/www.berkcan.com\/index.php\/wp-json\/wp\/v2\/types\/page"}],"replies":[{"embeddable":true,"href":"https:\/\/www.berkcan.com\/index.php\/wp-json\/wp\/v2\/comments?post=1254"}],"version-history":[{"count":0,"href":"https:\/\/www.berkcan.com\/index.php\/wp-json\/wp\/v2\/pages\/1254\/revisions"}],"wp:attachment":[{"href":"https:\/\/www.berkcan.com\/index.php\/wp-json\/wp\/v2\/media?parent=1254"}],"curies":[{"name":"wp","href":"https:\/\/api.w.org\/{rel}","templated":true}]}}